{"id":1128,"date":"2017-03-03T19:39:59","date_gmt":"2017-03-03T18:39:59","guid":{"rendered":"http:\/\/mein-kuvasz.de\/?page_id=1128"},"modified":"2017-09-02T11:14:29","modified_gmt":"2017-09-02T09:14:29","slug":"zum-schmunzeln","status":"publish","type":"page","link":"http:\/\/mein-kuvasz.de\/?page_id=1128","title":{"rendered":"zum schmunzeln&#8230;"},"content":{"rendered":"<p><img data-recalc-dims=\"1\" loading=\"lazy\" decoding=\"async\" class=\"alignnone wp-image-1389\" src=\"https:\/\/i0.wp.com\/mein-kuvasz.de\/wp-content\/uploads\/2017\/03\/19399089_10212874193751732_7667407419691946121_n.jpg?resize=410%2C290\" alt=\"\" width=\"410\" height=\"290\" srcset=\"https:\/\/i0.wp.com\/mein-kuvasz.de\/wp-content\/uploads\/2017\/03\/19399089_10212874193751732_7667407419691946121_n.jpg?w=960 960w, https:\/\/i0.wp.com\/mein-kuvasz.de\/wp-content\/uploads\/2017\/03\/19399089_10212874193751732_7667407419691946121_n.jpg?resize=300%2C212 300w, https:\/\/i0.wp.com\/mein-kuvasz.de\/wp-content\/uploads\/2017\/03\/19399089_10212874193751732_7667407419691946121_n.jpg?resize=768%2C542 768w\" sizes=\"auto, (max-width: 410px) 100vw, 410px\" \/><\/p>\n<p>Liebe Hundefreunde,<br \/>\nich wollte euch eigentlich ein Bild von meinen beiden Hunden zeigen.<br \/>\nGestern war ein herrlicher, fast schon zu hei\u00dfer Tag und den verbra<span class=\"text_exposed_show\">chten wir am Wasser.<br \/>\nDoch als ich das Bild hochladen wollte, sind mir direkt ein paar Dinge ins Auge gesprungen, die eventuell zu einer m\u00fchseligen Diskussion unter meinem Post f\u00fchren k\u00f6nnten&#8230;<br \/>\nAlso habe ich es etwas bearbeitet, damit niemand was zu meckern hat.<br \/>\n<\/span>Als erstes habe ich die Halsb\u00e4nder der Hunde entfernt.<br \/>\nDie Gro\u00dfe tr\u00e4gt n\u00e4mlich ein Kettenhalsband (keinen &#8222;Stachler&#8220;, ein ganz normales Gliederhalsband).<br \/>\nDarf man nicht, wei\u00df man ja, also weg damit.<br \/>\nDie Kleine (14 Wochen alt) tr\u00e4gt auch ein einfaches Halsband. Halsband am Welpen? Tierschutzrelevant!<br \/>\nIch \u00fcberlege kurz ein Geschirr rein zu kopieren, m\u00fcsste aber eins sein, da\u00df PERFEKT sitzt.<br \/>\nAlso lasse ich es weg.<br \/>\nBessi tr\u00e4gt einen Stock in der Schnauze. Einen Stock! Wie gut, da\u00df ich das sehe! Schnell wegradieren, St\u00f6cker sind gef\u00e4hrlich! Wei\u00df ja jeder!<br \/>\nAu\u00dferdem erziehe ich mir mit St\u00f6ckchenwerfen einen adrenalins\u00fcchtigen J\u00e4ger heran.<br \/>\nHabe ich den See vorher auf Blaualgen getestet?<br \/>\nHimmel nein! Schnell schw\u00e4rzen das Ding, k\u00f6nnte jemandem auffallen und dann habe ich den Salat.<br \/>\nWie bin ich \u00fcberhaupt zu dem See gekommen bei dem Wetter?<br \/>\nWas antworte ich auf die Frage?<br \/>\nHatte ich bei der Hitze die Hunde in meinem Auto? Hat das eine Klimaanlage? Was wenn einer rausfindet, das nicht?!<br \/>\nUnd zu fu\u00df konnte ich auch nicht hin.<br \/>\nDer Asphalt ist zu hei\u00df und der Welpe darf laut F\u00fcnf-Minuten-Regel nicht l\u00e4nger als 20 Minuten spazieren gehen&#8230;<br \/>\nAlso auf jeden Fall den Welpen noch schw\u00e4rzen! Wenn das einer sieht, Diskussion ohne Ende!<br \/>\nUnd die Gro\u00dfe?<br \/>\nIst ein Deutscher Sch\u00e4ferhund.<br \/>\nK\u00f6nnte in nicht rassebezogenen Gruppen zu Diskussionen f\u00fchren&#8230;<br \/>\nAggressiv, krank, ist das einer mit gradem R\u00fccken?<br \/>\nNeee, zu dem Theater fehlt mir heute die Lust.<br \/>\nAlso noch schnell weg radieren.<br \/>\nSo, jetzt d\u00fcrfte niemand mehr was zu meckern haben.<br \/>\nIch hoffe es gef\u00e4llt euch und regt ein bisschen zum Nachdenken an.<\/p>\n<div class=\"text_exposed_show\">\n<p>(Die Vorlage zu dem Text muss von einem Hundesportler kommen. Leider finde ich den Originaltext nicht, habe auch nur die Kopie in diversen Gruppen gelesen. Falls sich jemand angesprochen f\u00fchlt, bitte melden.)<\/p>\n<\/div>\n<p><strong>wenn mir langweilig ist&#8230;<\/strong><br \/>\n8.00h: Mir ist langweilig. Ich poste in einem Hundeforum die Frage &#8222;Ist Pedigree oder Frolic das bessere Futter f\u00fcr meine Hunde?&#8220;<br \/>\n8.05h: 47 Antworten. Man beschimpft mich wechselweise als Geizhalz, Idiot oder Tierqu\u00e4ler<br \/>\n8.10h: 37 VEGAN lebende BARFER und 53 Verfechter von Trockenfutter streiten sich in 246 Antworten um die einzig wahre Wahrheit der Hundeern\u00e4hrung.<br \/>\n8.15h: Die 37 vegan lebenden Barfer und 53 Verfechter von Trockenfutter haben sich darauf verst\u00e4ndigt den Tiersch<span class=\"text_exposed_show\">utz und das Veterin\u00e4ramt zu verst\u00e4ndigen. Man soll mir die Hunde wegnehmen.<br \/>\n8.30h: Ich gehe mit meinen Hunden Gassi. Alle Hundebesitzer gr\u00fc\u00dfen mich pl\u00f6tzlich nicht mehr.<br \/>\n8.35h: Die anderen Hundebesitzer schneiden mich und benutzen fluchtartig einen anderen Feldweg.<br \/>\n10.00h: Vor meiner Haust\u00fcr steht ein v\u00f6llig ersch\u00f6pfter Paketbote. Er \u00fcberreicht mir ein 75kg schweres &#8222;Starterpaket&#8220; von Pedigree.<br \/>\n10.01h: 5 millitante Barfer erscheinen, schlagen den Paketboten zu Boden und versuchen so die Zustellung in letzter Sekunde zu verhindern.<br \/>\n10.05h: 75kg Pedigree-Produkte fliegen durch die Gegend, 100 Dosen Nassfutter rollen \u00fcber die Stra\u00dfe und blockieren den Verkehr<br \/>\n10.10h: Ein zweiter Paketbote versucht ein 10kg Probepaket Frolic zuzustellen.<br \/>\n10.11h: Die 5 Barfer haben ihn kastriert. 10kg Frolic liegen in meinem Vorgarten.<br \/>\n10.15h: 59 Kr\u00e4hen und 17 Elstern sind in meinem Vorgarten gelandet. Hitchcocks V\u00f6gel ist ein Schei\u00dfdreck dagegen! Sie st\u00fcrzen sich auf das Frolic.<br \/>\n10.20h: Mein Vizsla kaut am Ohr von Paketbote 1, der langsam wieder zu sich kommt und st\u00f6hnt. Mein Chihuahua versucht, die Kr\u00e4hen zu fangen.<br \/>\n10.30h: Die Polizei kommt.<br \/>\n10.31h: Die rabiaten Barfer fl\u00fcchten<br \/>\n10.35h: Ich habe mich mit den Ordnungsh\u00fctern geeinigt. Wenn ich das Dosenfutter dem Tierheim spende und die Stra\u00dfe reinige, komme ich mit einer Bew\u00e4hrungsstrafe davon.<br \/>\n10.45h: Die Kr\u00e4hen und Elstern haben das ganze Frolic gefressen.<br \/>\n10.50h: 2 Krankenwagen holen die verletzten Paketboten ab.<br \/>\n10.52h: Mein Vizsla kaut noch immer an dem Ohr, mein Westi hat schwarze Federn in der Schnauze<br \/>\n10.55h: Da meinem Vizsla die Frischkost so gut schmeckt und meinem Chihuahua die rohen Kr\u00e4hen gut bekommen, beschlie\u00dfe ich, ab morgen zu barfen<br \/>\n11:00h: Ich sitze auf meinem Sofa, trinke einen Kaffee und mir ist langweilig&#8230;&#8230;&#8230;&#8230;&#8230;&#8230;..<br \/>\n12:00h: Und weil mir immer noch langweilig ist, schreibe ich im veganen Elternforum, dass ich als alleinerziehender Vater mein Baby statt mit Nivea lieber mit einer Speckseite abreibe, weil die Haut dann sch\u00f6ner gl\u00e4nzt&#8230;<\/span><\/p>\n<hr \/>\n<p><strong>wenn ich Langeweile habe&#8230;.<\/strong><br \/>\nIch klappe den Laptop auf, logge mich bei Facebook ein, w\u00e4hle eine beliebige Hundegruppe aus und poste folgende Frage:<br \/>\n&#8222;Ich habe ein Problem mit meinem elf Monate alten Aussie. Seit kurzem bellt er alles an, wenn wir im Dunkeln unterwegs sind. Was kann ich dagegen tun?&#8220;<br \/>\nBinnen k\u00fcrzester Zeit entwickelt sich ein Facebookkrimi&#8230;<span class=\"text_exposed_show\"><br \/>\n* 23 Hundehalter fragen, ob ich schon einen Trainer kontaktiert habe.<br \/>\n* 27 HH wissen, da\u00df das Problem immer am anderen Ende der Leine h\u00e4ngt.<br \/>\n* 4 HH fragen, ob der Aussie HD hat.<br \/>\n* 9 HH werfen mir vor, da\u00df ich mich wohl im Vorfeld nicht richtig mit der Rasse und ihren Eigenschaften auseinander gesetzt habe, der Aussie schlie\u00dflich kein Anf\u00e4ngerhund und wahrscheinlich einfach nicht richtig ausgelastet ist.<br \/>\n* 15 HH posten einen Link zu Milan\/R\u00fctter\/Balser\/Bloch\/<br \/>\nbeliebiger Hundetrainer.<br \/>\n* 34 HH betiteln Milan\/R\u00fctter\/Balser\/Bloch\/beliebiger Hundetrainer daraufhin als Tierqu\u00e4ler\/Komiker\/steinzeitlich\/<br \/>\nRudelf\u00fchrer\/Wattewerfer und es entsteht ein Link-Battle zu Videos und Artikeln.<br \/>\n* 13 HH zweifeln an der Bindung zwischen mir und meinem Hund und geben Tipps, wie ich diese verbessern kann<br \/>\n* 8 HH raten mir dazu &#8222;mich mal richtig durchzusetzen und dem Hund zu zeigen, wer der Chef ist&#8220;, am Besten durch Alphawurf und Anknurren.<br \/>\n* 2 HH setzen ein Lesezeichen, weil sie das selbe Problem haben.<br \/>\n* 1 HH droht den &#8222;Alphawerfern&#8220; mit dem Vet-Amt und empfiehlt mir die intermedi\u00e4re Br\u00fccke auszuprobieren.<br \/>\n* 3 HH fragen nach dem Futter, denn sie haben geh\u00f6rt, da\u00df gebarfte Hunde schneller aggressiv werden.<br \/>\n* 26 HH steigen auf das Futterthema ein und erkl\u00e4ren die Vorteile der jeweiligen Kategorie (Trocken, Nass, Roh, Vegetarisch\/Vegan)<br \/>\n* 2 HH sagen, da\u00df ihr Hund mit ALDI-Futter 15 Jahre alt geworden ist und nie krank war.<br \/>\n* 1 HH fragt mich, warum ich keinen Hund aus dem Tierschutz habe, mit denen h\u00e4tte er nie solche Probleme gehabt, da die nur dankbar sind und ein Herz aus Gold haben.<br \/>\n* Dies nehmen 20 weitere HH zum Anlass, \u00fcber Sinn und Unsinn von (Auslands)Tierschutz und Rassehundzuchten zu diskutieren. Es fallen Worte wie &#8222;Tierschutzmafia&#8220; und &#8222;Rassenazis&#8220;, bis die H\u00e4lfte der Diskutanten von den Admins entfernt wird.<br \/>\n* Endlich fragt 1 HH, warum ich meinen Hund nicht einfach kastrieren lasse.<br \/>\nDer Kaffee ist leer, der Laptop klappt zu.<br \/>\nVielleicht frage ich morgen zum Nachmittagskaffee in einer Muttergruppe, wer seine Kinder denn so alles impfen l\u00e4sst&#8230;<\/span><\/p>\n<hr \/>\n<p><strong>so isses<\/strong><br \/>\nDas passiert , wenn du eine Frage \u00fcber Hunde und deren Haltung ins Facebook stellst&#8230;..<br \/>\nTragen von Halsb\u00e4ndern f\u00fchrt unweigerlich zu massiven Sch\u00e4den am Hund, <span class=\"text_exposed_show\">immer, und auch zu Stress, erh\u00f6htem Augeninnendruck und vermutlich auch zu unheilbarem Fu\u00dfpilz\u2026Der Hund wird sterben!<br \/>\nDas Tragen von Geschirren ist nicht minder gef\u00e4hrlich, sch\u00e4digt es doch die Wirbels\u00e4ule, birgt Gefahren beim Spiel mit anderen Hunden, passt nie wirklich und mit dem Geschirrgriff ist auch nicht zu spa\u00dfen\u2026Der Hund wird sterben!<br \/>\nDie Ern\u00e4hrung: Trockenfutter ist falsch und kommt einer Vergiftung des Hundes gleich. Barfen ist aber auch nicht ungef\u00e4hrlicher, setzt es den Hund doch einer st\u00e4ndig drohenden Mangelern\u00e4hrung aus. Und die Zwischenformen dieser beiden kontr\u00e4ren Ern\u00e4hrungsformen sind eh Bullshit und nur was f\u00fcr Leute, die keine Ahnung haben und ihren Hund nicht wirklich lieben. Fazit: Der Hund wird sterben! Ganz sicher\u2026.<br \/>\nDie Erziehung: ohne Strafen ist tierschutzrelevant, weil der Hund ein v\u00f6llig regelfreies Leben f\u00fchrt, das seiner Natur nicht entspricht. Mit Strafen ist noch viel schlimmer, denn da werden Strafen sofort mit massiven Misshandlungen gleichgesetzt. Der Hund wird nicht nur sterben, er wird vor seinem Tod auch einen langj\u00e4hrigen Leidensweg zu gehen haben.<br \/>\nJeder Rassehund ist ab Geburt mehr oder minder lebensgef\u00e4hrlich krank, so dass der Halter eigentlich in der st\u00e4ndigen Sorge leben muss \u2013 immer! \u2013 der Hund kippe jederzeit von jetzt auf gleich aus den Latschen oder es entstehen Tierarztkosten, die selbst besser verdienende Hundehalter in Null Komma Nix in Hartz 4- Empf\u00e4nger verwandelt. Erst wird der Hund sterben \u2013 dann der Mensch!<br \/>\nMischlinge sind aber auch nicht ungef\u00e4hrlicher, vereinen sie doch alle nur erdenklichen Krankheiten der ihnen innewohnenden Rassen und sind zus\u00e4tzlich mit todbringenden Krankheiten ausgestattet, die noch kein deutscher Tierarzt je gesehen hat. Der Hund wird sterben!<br \/>\nApropos Tierarzt: die meisten Hundehalter haben aus Sicht ihrer Leidensgenossen hier stets den \u201eFalschen\u201c, denjenigen, der von seinem Fach keine Ahnung hat und nur Kohle auf Kosten der Tiere scheffeln will und die Gesundheit und das Leben des eigenen Hundes mutwillig aus Raffgier auf`s Spiel setzt. Der \u201erichtige\u201c Tierarzt befindet sich in der Regel in einer stets das Leben des Hundes bedrohenden Entfernung oder existiert eigentlich \u00fcberhaupt nicht. Ergo: Der Hund wird sterben!<br \/>\nTierheilpraktiker sind nicht minder gef\u00e4hrlich, stellen sie doch einfach nur eine Gruppe von selbsternannten Quacksalbern dar, die mit wissenschaftlich unfundiertem Bl\u00f6dsinn nach dem Leben des Hundes trachten. Fazit: Der Hund wird sterben!<br \/>\nNicht kastrierte Hunde sterben unweigerlich und nat\u00fcrlich verfr\u00fcht und schnell an Krebs, wo hingegen kastrierte Hunde nach aktuellem Stand ebenso an Krebs versterben \u2013 nur halt an anderem Krebs. Aber sie werden sterben!<\/span><\/p>\n<div class=\"text_exposed_show\">\n<p>&#8230;und \u00fcberhaupt &#8211; jeder der DAS nicht wei\u00df, sollte sich besser keinen Hund anschaffen <span class=\"_47e3 _5mfr\" title=\"\u201ewink\u201c-Emoticon\"><img data-recalc-dims=\"1\" loading=\"lazy\" decoding=\"async\" class=\"img\" src=\"https:\/\/i0.wp.com\/www.facebook.com\/images\/emoji.php\/v7\/f57\/1\/16\/1f609.png?resize=16%2C16&#038;ssl=1\" alt=\"\" width=\"16\" height=\"16\" \/><\/span><\/p>\n<hr \/>\n<\/div>\n<p><strong>Rassebeschreibung: ungarischer Kuvasz<\/strong><br \/>\nDer Kuvasz liegt immer und \u00fcberall maximal im Weg und kann dabei deutlich mehr Raum einnehmen, als ihm gr\u00f6\u00dfenm\u00e4\u00dfig zusteht. Er kann bei Bedarf immense Mengen Haar verlieren (auch direkt nach dem B\u00fcrsten). Der Kuvasz beachtet Fremde drau\u00dfen nicht &#8211; au\u00dfer man verl\u00e4sst sich darauf, dass er Fremde nicht beachtet. Er hat eine immense Begabung daf\u00fcr, den Augenblick zu finden, in dem man seinen Menschen maximal blamieren kann. Die Pfoten sind rundlich, kr\u00e4ftig und kompakt und k\u00f6nnen gro\u00dfe Dreckabdr\u00fccke auf heller Kleidung und frisch geputztem Boden hinterlassen. Kuvasz sch\u00e4tzen Ansprache und unsere volle Aufmerksamkeit. Darum stupsen sie einen besonders gern mit der Nase an den Arm, wenn man in der Hand eine volle Kaffeetasse hat. Den Kuvasz gibt es in mehreren Farbschl\u00e4gen: weiss, elfenbeinfarben, schmuddel, besonders schmuddel und Matsch. Alle Kuvasz bekommen nie genug Futter. Au\u00dferdem beherrschen sie die Kunst, mit nur einem Liter Wasser im Napf, die gesamte Napfumgebung zentimeterhoch unter Wasser zu setzen. Ein auf einem tausende von Hektar gro\u00dfem Feld herumtobender Kuvasz wird mit gr\u00f6\u00dfter Akkuratesse in den Knien seines Besitzers bremsen und versuchen, ihn so auf dem Boden der Tatsachen zu halten. Kuvasz wissen aufgrund ihrer \u00fcberragenden Intelligenz praktisch alles besser als ihre Menschen und k\u00f6nnen daher selbst am besten entscheiden, wann es Sinn macht zu gehorchen. Kuvasz haben einen ausgepr\u00e4gten Sinn f\u00fcr Humor. Leider. Der Glaube, dass sie mit zunehmendem Alter vern\u00fcnftiger werden, ist falsch. Kuvasz k\u00f6nnen vorsichtig spielen. Sie ziehen es aber vor, das nicht zu tun. Der Kuvasz folgt seinem &#8222;Alphatier&#8220; bedingungslos \u00fcberallhin &#8211; es sei denn, irgendjemand anderes isst gerade Kuchen oder etwas anderes Leckeres und geht in die andere Richtung. Der Hund verf\u00fcgt \u00fcber ein gutes Geh\u00f6r, leidet aber unter tempor\u00e4rer Taubheit, wenn es um die Ausf\u00fchrung von in seinen Augen sinnlosen Befehlen geht. Ansonsten h\u00f6rt der Kuvasz \u00fcber gr\u00f6\u00dfte Distanzen, \u00fcber mehrere Zimmer und Stockwerke hinweg, wenn z.B. die T\u00fcr zur Vorratskammer ge\u00f6ffnet wird, wo seine Leckerlis lagern oder die Keksbox ge\u00f6ffnet wird. Der Kuvasz verf\u00fcgt \u00fcber eine perfekt arbeitende innere Uhr &#8211; an Tagen, an denen seine Menschen ausschlafen k\u00f6nnen, wird ab halb sechs permanent der Schlafplatz gewechselt, laut geseufzt, Pfoten geleckt und mit der Rute der Teppich geklopft. An Tagen, wo sein Chef mal fr\u00fcher raus muss, wird so lange auf dem Schlafplatz gepennt, bis sein Mensch fertig angezogen an der T\u00fcr steht. Ein eleganter, klitsch nasser Kuvasz zieht es grunds\u00e4tzlich vor, sich an den Beinen seines Menschen zu trocknen. Kuvasz haben eine ganz, ganz andere Vorstellung von &#8222;wohlriechend&#8220; als ihre Menschen. Kuvasz haben ein praktisch selbstreinigendes Fell. Diese Tatsache erm\u00e4chtigt sie im gleichen Zuge dazu, t\u00e4glich, bei jeder Witterung, in den dreckigsten und schlammigsten T\u00fcmpeln, Pf\u00fctzen, B\u00e4chen und Seen zu baden. Die selbstreinigende Funktion erweitert sich jedoch nicht auf die unmittelbare Umgebung eines Kuvasz. Und genau deswegen lieben wir sie&#8230;unsere Grobmotoriker!!<\/p>\n<p>Gelesen, f\u00fcr gut befunden, Rasse ge\u00e4ndert und geteilt <span class=\"_47e3 _5mfr\" title=\"\u201esmile\u201c-Emoticon\"><img data-recalc-dims=\"1\" loading=\"lazy\" decoding=\"async\" class=\"img\" src=\"https:\/\/i0.wp.com\/www.facebook.com\/images\/emoji.php\/v7\/f4c\/1\/16\/1f642.png?resize=16%2C16&#038;ssl=1\" alt=\"\" width=\"16\" height=\"16\" \/><\/span><\/p>\n","protected":false},"excerpt":{"rendered":"<p>Liebe Hundefreunde, ich wollte euch eigentlich ein Bild von meinen beiden Hunden zeigen. Gestern war ein herrlicher, fast schon zu hei\u00dfer Tag und den verbrachten wir am Wasser. Doch als ich das Bild hochladen wollte, sind mir direkt ein paar Dinge ins Auge gesprungen, die eventuell zu einer m\u00fchseligen Diskussion unter meinem Post f\u00fchren k\u00f6nnten&#8230; [&hellip;]<\/p>\n","protected":false},"author":1,"featured_media":0,"parent":0,"menu_order":0,"comment_status":"closed","ping_status":"closed","template":"","meta":{"jetpack_post_was_ever_published":false,"footnotes":""},"class_list":["post-1128","page","type-page","status-publish","hentry"],"jetpack_likes_enabled":true,"jetpack_sharing_enabled":false,"_links":{"self":[{"href":"http:\/\/mein-kuvasz.de\/index.php?rest_route=\/wp\/v2\/pages\/1128","targetHints":{"allow":["GET"]}}],"collection":[{"href":"http:\/\/mein-kuvasz.de\/index.php?rest_route=\/wp\/v2\/pages"}],"about":[{"href":"http:\/\/mein-kuvasz.de\/index.php?rest_route=\/wp\/v2\/types\/page"}],"author":[{"embeddable":true,"href":"http:\/\/mein-kuvasz.de\/index.php?rest_route=\/wp\/v2\/users\/1"}],"replies":[{"embeddable":true,"href":"http:\/\/mein-kuvasz.de\/index.php?rest_route=%2Fwp%2Fv2%2Fcomments&post=1128"}],"version-history":[{"count":7,"href":"http:\/\/mein-kuvasz.de\/index.php?rest_route=\/wp\/v2\/pages\/1128\/revisions"}],"predecessor-version":[{"id":1390,"href":"http:\/\/mein-kuvasz.de\/index.php?rest_route=\/wp\/v2\/pages\/1128\/revisions\/1390"}],"wp:attachment":[{"href":"http:\/\/mein-kuvasz.de\/index.php?rest_route=%2Fwp%2Fv2%2Fmedia&parent=1128"}],"curies":[{"name":"wp","href":"https:\/\/api.w.org\/{rel}","templated":true}]}}