{"id":1816,"date":"2019-11-24T19:59:20","date_gmt":"2019-11-24T18:59:20","guid":{"rendered":"http:\/\/mein-kuvasz.de\/?page_id=1816"},"modified":"2023-05-30T20:18:19","modified_gmt":"2023-05-30T18:18:19","slug":"bellis-2","status":"publish","type":"page","link":"http:\/\/mein-kuvasz.de\/?page_id=1816","title":{"rendered":"Bellis"},"content":{"rendered":"\n<p class=\"has-text-align-left\"> Mit dem Leben ist es, wie mit einem Theaterst\u00fcck, es kommt nicht drauf an, wie lang es ist, sondern wie bunt. <br>Passender kann man es f\u00fcr Bellis kurzes Leben nicht ausdr\u00fccken. <br>26.02.2013-12.11.2019<\/p>\n\n\n\n<figure class=\"wp-block-image size-large is-resized\"><img loading=\"lazy\" decoding=\"async\" src=\"https:\/\/i2.wp.com\/mein-kuvasz.de\/wp-content\/uploads\/2019\/12\/IMG_7057-Bearbeitet-4-scaled.jpg?fit=640%2C427\" alt=\"\" class=\"wp-image-1824\" width=\"643\" height=\"429\" srcset=\"https:\/\/i0.wp.com\/mein-kuvasz.de\/wp-content\/uploads\/2019\/12\/IMG_7057-Bearbeitet-4-scaled.jpg?w=2560 2560w, https:\/\/i0.wp.com\/mein-kuvasz.de\/wp-content\/uploads\/2019\/12\/IMG_7057-Bearbeitet-4-scaled.jpg?resize=300%2C200 300w, https:\/\/i0.wp.com\/mein-kuvasz.de\/wp-content\/uploads\/2019\/12\/IMG_7057-Bearbeitet-4-scaled.jpg?resize=1024%2C683 1024w, https:\/\/i0.wp.com\/mein-kuvasz.de\/wp-content\/uploads\/2019\/12\/IMG_7057-Bearbeitet-4-scaled.jpg?resize=768%2C512 768w, https:\/\/i0.wp.com\/mein-kuvasz.de\/wp-content\/uploads\/2019\/12\/IMG_7057-Bearbeitet-4-scaled.jpg?resize=1536%2C1024 1536w, https:\/\/i0.wp.com\/mein-kuvasz.de\/wp-content\/uploads\/2019\/12\/IMG_7057-Bearbeitet-4-scaled.jpg?resize=2048%2C1366 2048w, https:\/\/i0.wp.com\/mein-kuvasz.de\/wp-content\/uploads\/2019\/12\/IMG_7057-Bearbeitet-4-scaled.jpg?w=1280 1280w, https:\/\/i0.wp.com\/mein-kuvasz.de\/wp-content\/uploads\/2019\/12\/IMG_7057-Bearbeitet-4-scaled.jpg?w=1920 1920w\" sizes=\"auto, (max-width: 640px) 100vw, 640px\" \/><\/figure>\n\n\n\n<p>Meine liebe Bellis, ich vermisse Dich immer noch sehr, auch wenn ich mir sicher bin, die beste         Entscheidung f\u00fcr Dich getroffen zu haben, die es gab. <br>Ich wei\u00df es noch, als w\u00e4re es gestern gewesen, wie Du geboren wurdest, Deine Mama stand in der         Wurfkiste, Du warst der erste Welpe, der kam. Ich habe Dich aufgefangen, damit Du nicht in die Wurfkiste plumst, Dich aus der Eihaut befreit und Ria hat dann Deine Nabelschnur durch         gebissen. Christian und ich mu\u00dften Dich vor Rias Leckeifer retten, denn es passierte danach lange nichts und so leckte sie Dich sauber und sauber und sauber, das wir dachten Du bist bald         nackt. Was f\u00fcr ein sch\u00f6ner liebevoller Start ins Leben.<br>Mir war sofort klar, das ich Dich nicht her geben kann und Du hier bei uns bleiben wirst.<br>Du warst einfach bezaubernd, immer gut  drauf und sorgtest st\u00e4ndig daf\u00fcr das wir mit einem Grinsen im Gesicht rum laufen.<br>Du konntest jeder Situation etwas Gutes abzugewinnen und machtest einfach Dein Ding, dabei ist warst so vertrauensselig, das man Dich \u00f6fter mal vor Dir selbst sch\u00fctzen mu\u00dfte.<br>Du warst immer mein Schatten&#8230; von klein auf wolltest Du mit den anderen Welpen nicht viel zu tun haben und auch sp\u00e4ter waren Dir Sozialkontakte mit Hunden nie wichtig, au\u00dfer mit Ria.<br>Du warst gl\u00fccklich wenn Du bei mir sein konntest, immer und \u00fcberall war ich Dein Nabel der Welt. Den Du oft auch \u00fcbertrieben verteidigen wolltest und mich ganz f\u00fcr Dich haben wolltest.<br>Nie zu vor hatte ich so eine s\u00fc\u00dfe H\u00fcndin, die mich immer nur anhimmelte und versuchte mir alles Recht zu machen, nur damit ich gl\u00fccklich bin und Dir ein liebes Wort entgegen bringe, Dich         streichel oder Du bei mir auf dem Sofa liegen durftest.<br>Ich war Dein Mittelpunkt und damit warst Du der gl\u00fccklichste Hund der ganzen Welt.<br>Wie sagte es Christian immer so treffend&#8230;.&#8220;Ich bin Deine richtige Mama.&#8220;  \ud83d\ude42  <br>Was ich von Dir lernen konnte, war ganz sicher bedingungslose Liebe und Vertrauen, einfach da sein ohne selbsts\u00fcchtige Absichten. F\u00fcr jemanden einstehen ohne wenn und aber, das war         Dein Geschenk an mich. Vielen Dank mein kleiner Pl\u00fcschpo und zuckers\u00fc\u00dfes FlapFlap.<br>Nichts ist zwischen uns offen, nichts von dem ich denke, das h\u00e4tte ich noch sagen sollen oder machen k\u00f6nnen.<br>Nichts&#8230;au\u00dfer die gro\u00dfe Leere, die so unendlich weh tut und nichts was diese L\u00fccke f\u00fcllen kann und auch nicht soll, denn Du warst einzigartig.<br>Wir haben Dich ganz doll lieb und  reden viel \u00fcber Dich, Du wirst immer ein Teil unserer kleinen         Familie sein. Jetzt und f\u00fcr immer&#8230;..wir sehen uns ganz bestimmt wieder.<br>       <\/p>\n\n\n\n<p><\/p>\n","protected":false},"excerpt":{"rendered":"<p>Mit dem Leben ist es, wie mit einem Theaterst\u00fcck, es kommt nicht drauf an, wie lang es ist, sondern wie bunt. Passender kann man es f\u00fcr Bellis kurzes Leben nicht ausdr\u00fccken. 26.02.2013-12.11.2019 Meine liebe Bellis, ich vermisse Dich immer noch sehr, auch wenn ich mir sicher bin, die beste Entscheidung f\u00fcr Dich getroffen zu haben, [&hellip;]<\/p>\n","protected":false},"author":1,"featured_media":0,"parent":0,"menu_order":0,"comment_status":"closed","ping_status":"closed","template":"","meta":{"jetpack_post_was_ever_published":false,"footnotes":""},"class_list":["post-1816","page","type-page","status-publish","hentry"],"jetpack_likes_enabled":true,"jetpack_sharing_enabled":true,"_links":{"self":[{"href":"http:\/\/mein-kuvasz.de\/index.php?rest_route=\/wp\/v2\/pages\/1816","targetHints":{"allow":["GET"]}}],"collection":[{"href":"http:\/\/mein-kuvasz.de\/index.php?rest_route=\/wp\/v2\/pages"}],"about":[{"href":"http:\/\/mein-kuvasz.de\/index.php?rest_route=\/wp\/v2\/types\/page"}],"author":[{"embeddable":true,"href":"http:\/\/mein-kuvasz.de\/index.php?rest_route=\/wp\/v2\/users\/1"}],"replies":[{"embeddable":true,"href":"http:\/\/mein-kuvasz.de\/index.php?rest_route=%2Fwp%2Fv2%2Fcomments&post=1816"}],"version-history":[{"count":6,"href":"http:\/\/mein-kuvasz.de\/index.php?rest_route=\/wp\/v2\/pages\/1816\/revisions"}],"predecessor-version":[{"id":2485,"href":"http:\/\/mein-kuvasz.de\/index.php?rest_route=\/wp\/v2\/pages\/1816\/revisions\/2485"}],"wp:attachment":[{"href":"http:\/\/mein-kuvasz.de\/index.php?rest_route=%2Fwp%2Fv2%2Fmedia&parent=1816"}],"curies":[{"name":"wp","href":"https:\/\/api.w.org\/{rel}","templated":true}]}}