{"id":44,"date":"2015-10-26T18:58:00","date_gmt":"2015-10-26T18:58:00","guid":{"rendered":"http:\/\/mein-kuvasz.de\/?page_id=44"},"modified":"2015-10-30T15:19:36","modified_gmt":"2015-10-30T14:19:36","slug":"welpen","status":"publish","type":"page","link":"http:\/\/mein-kuvasz.de\/?page_id=44","title":{"rendered":"Welpen"},"content":{"rendered":"<p>Unsere Zucht ist eine reine Liebhaberzucht in der alle paar Jahre mal ein Wurf geplant ist. Es muss einfach alles passen, von den Elterntieren bis hin zu den Aufzuchtbedingungen und der vielen Zeit, die man f\u00fcr einen Wurf ben\u00f6tigt. Zuvor gibt es viele H\u00fcrden zu erklimmen: Ausstellungsbesuche, s\u00e4mtliche Gesundheitsuntersuchungen, Ank\u00f6rung, Verhaltenstest und die Auswahl des Deckr\u00fcden. Daf\u00fcr braucht man Verst\u00e4ndnis f\u00fcr seine Hunde und die Rasse, Liebe, Geduld, Durchhalteverm\u00f6gen und starke Nerven \ud83d\ude42<br \/>\nErst wenn das alles auf einem guten Fundament steht, wird es spannend und es gibt nichts sch\u00f6neres als das ganz wunderbare Kuvaszwelpen unseren Hausstand durch einander wirbeln!!!<\/p>\n<p>Unser Zwingername &#8222;\u00c9szaki f\u00e9ny&#8220; bedeutet Nordlicht (da wir im Norden anfangs die einzige Kuvaszzucht waren) und ist vom VDH (Verband f\u00fcr das deutsche Hundewesen) national eingetragen und anerkannt.<br \/>\nWir werden uns immer bem\u00fchen unseren Welpen die beste Pr\u00e4gung f\u00fcr ihr langes Hundeleben, mit auf den Weg zu geben.<\/p>\n<p>Unsere Welpen wachsen bei uns in der Wohnung auf und sie nehmen an unserem Familienleben rund um die Uhr teil. Bei uns werden sie schon sehr fr\u00fch an die &#8222;Au\u00dfenwelt&#8220; gew\u00f6hnt, damit sie sich sp\u00e4ter bei ihrer neuen Familie gut zurecht finden.<\/p>\n<p>Die ersten zwei Wochen im Leben unserer Welpen bestehen im wesentlichen aus Schlafen, Saugen der Muttermilch und angenehme W\u00e4rme durch Liegen mit K\u00f6rperkontakt zu erreichen. Diesen K\u00f6rperkontakt gibt es auch von Geburt an mit uns, so werden die Welpen positiv auf den Menschen gepr\u00e4gt und der damit verbundene menschliche Geruch, wird nie wieder vergessen, denn riechen k\u00f6nnen Welpen sofort wenn sie auf der Welt sind.<\/p>\n<p>Zwischem dem 12.ten und 14.ten Lebenstag \u00f6ffnen sich die Augen der Welpen. Das Erwachen der Hauptsinne (Sehen und H\u00f6ren), beginnt ab dem 15.ten Tag.<br \/>\nDa die Welpen nun h\u00f6ren und sehen k\u00f6nnen, setze ich akustische und visuelle Reize ein, um ihre positive Entwicklung zu f\u00f6rdern. Die Welpen sind in dieser Zeit sehr aufgeschlossen f\u00fcr neue Reize und um so eher sie mit Ger\u00e4uschen und Gegenst\u00e4nden konfrontiert werden, umso weniger Probleme werden sie sp\u00e4ter damit haben.<br \/>\nAb der dritten Woche wird bei uns der Welpenauslauf er\u00f6ffnet. Dieser ist f\u00fcr unsere Welpen wie ein Abenteuerspielplatz, es gibt \u00fcberall und immer etwas Neues zu entdecken. B\u00e4lle, Decken, knisternde T\u00fcten, Flatterb\u00e4nder und verschiedene Bodenuntergr\u00fcnde(wie z.B. eine Bastmatte oder Gitterrost), alles Dinge damit die Welpen lernen, keine Angst davor haben zu m\u00fcssen. Davon abgesehen sind diese Reize sinnvoll f\u00fcr die Entwicklung des Gehirns.<br \/>\nIn dieser Zeit ist auch jede Menge Besuch erw\u00fcnscht ! Am besten jeden Alters und Geschlechts, so lernt der Welpe, das es eine Vielzahl von verschiedenen Personen gibt, vor denen er sich keinesfalls bedroht f\u00fchlen mu\u00df.<\/p>\n<p>So schicken wir alltagstaugliche und gut sozialisierte Hundewelpen in die gro\u00dfe Welt. Auf diese Weise m\u00fcssen sich die neuen Halter keine Gedanken machen \u00fcber eine gute Entwicklung ihres neuen Familienmitgliedes und werden viel Freude an ihm haben. Nat\u00fcrlich sollen und m\u00fcssen auch die neuen Familien mit den Hunden weiter arbeiten, denn die Entwicklung h\u00f6rt nicht mit dem Auszug beim Z\u00fcchter auf. Wir stehen nat\u00fcrlich jeder Zeit bei Fragen oder Problemen zur Verf\u00fcgung und zwar ein Hundeleben lang.<\/p>\n<p>Also bitte keine Scheu sich zu melden!<\/p>\n","protected":false},"excerpt":{"rendered":"<p>Unsere Zucht ist eine reine Liebhaberzucht in der alle paar Jahre mal ein Wurf geplant ist. Es muss einfach alles passen, von den Elterntieren bis hin zu den Aufzuchtbedingungen und der vielen Zeit, die man f\u00fcr einen Wurf ben\u00f6tigt. Zuvor gibt es viele H\u00fcrden zu erklimmen: Ausstellungsbesuche, s\u00e4mtliche Gesundheitsuntersuchungen, Ank\u00f6rung, Verhaltenstest und die Auswahl des [&hellip;]<\/p>\n","protected":false},"author":1,"featured_media":0,"parent":0,"menu_order":0,"comment_status":"closed","ping_status":"closed","template":"","meta":{"jetpack_post_was_ever_published":false,"footnotes":""},"class_list":["post-44","page","type-page","status-publish","hentry"],"jetpack_likes_enabled":true,"jetpack_sharing_enabled":true,"_links":{"self":[{"href":"http:\/\/mein-kuvasz.de\/index.php?rest_route=\/wp\/v2\/pages\/44","targetHints":{"allow":["GET"]}}],"collection":[{"href":"http:\/\/mein-kuvasz.de\/index.php?rest_route=\/wp\/v2\/pages"}],"about":[{"href":"http:\/\/mein-kuvasz.de\/index.php?rest_route=\/wp\/v2\/types\/page"}],"author":[{"embeddable":true,"href":"http:\/\/mein-kuvasz.de\/index.php?rest_route=\/wp\/v2\/users\/1"}],"replies":[{"embeddable":true,"href":"http:\/\/mein-kuvasz.de\/index.php?rest_route=%2Fwp%2Fv2%2Fcomments&post=44"}],"version-history":[{"count":5,"href":"http:\/\/mein-kuvasz.de\/index.php?rest_route=\/wp\/v2\/pages\/44\/revisions"}],"predecessor-version":[{"id":398,"href":"http:\/\/mein-kuvasz.de\/index.php?rest_route=\/wp\/v2\/pages\/44\/revisions\/398"}],"wp:attachment":[{"href":"http:\/\/mein-kuvasz.de\/index.php?rest_route=%2Fwp%2Fv2%2Fmedia&parent=44"}],"curies":[{"name":"wp","href":"https:\/\/api.w.org\/{rel}","templated":true}]}}