{"id":60,"date":"2015-10-26T19:00:08","date_gmt":"2015-10-26T19:00:08","guid":{"rendered":"http:\/\/mein-kuvasz.de\/?page_id=60"},"modified":"2019-11-24T20:11:31","modified_gmt":"2019-11-24T19:11:31","slug":"bellis","status":"publish","type":"page","link":"http:\/\/mein-kuvasz.de\/?page_id=60","title":{"rendered":"\u00c8szaki f\u00e9ny Bellis"},"content":{"rendered":"<p style=\"text-align: center;\"><img data-recalc-dims=\"1\" loading=\"lazy\" decoding=\"async\" class=\"alignnone wp-image-1465\" src=\"https:\/\/i0.wp.com\/mein-kuvasz.de\/wp-content\/uploads\/2015\/10\/IMG_9181-Bearbeitet-2.jpg?resize=500%2C333\" alt=\"\" width=\"500\" height=\"333\" srcset=\"https:\/\/i0.wp.com\/mein-kuvasz.de\/wp-content\/uploads\/2015\/10\/IMG_9181-Bearbeitet-2.jpg?w=700 700w, https:\/\/i0.wp.com\/mein-kuvasz.de\/wp-content\/uploads\/2015\/10\/IMG_9181-Bearbeitet-2.jpg?resize=300%2C200 300w\" sizes=\"auto, (max-width: 500px) 100vw, 500px\" \/><\/p>\n<p style=\"text-align: center;\">Bellis, geb. am 26.02.2013.<br \/>\nBellis ist HD-frei, OCD-frei und ED-frei<br \/>\nGenotyp N\/N (A,frei)<br \/>\nlt. DOK-Untersuchung frei von allen erblichen Augenerkrankungen<br \/>\nangek\u00f6rt, ohne Auflagen bis zum Ende des Zuchtalters<br \/>\ninternationaler Champion (VDH)<br \/>\n\u00dcber Bellis k\u00f6nnte ich jetzt schon Romane schreiben.<br \/>\nSie ist einfach bezaubernd, immer gut drauf und sorgt st\u00e4ndig daf\u00fcr das wir mit einem Grinsen im Gesicht rum laufen.<br \/>\nSie scheint jeder Situation etwas Gutes abzugewinnen und macht einfach ihr Ding, dabei ist sie so vertrauensseelig, das man sie \u00f6fter mal vor sich selbst sch\u00fctzen muss.<br \/>\nSie springt mir heute noch einfach in den Arm und glaubt fest daran das ich sie auffange.<br \/>\nSo langsam wird das schwer, sie ist ja nun kein Welpe mehr.<br \/>\nIhre unbek\u00fcmmerte Art hat zur Folge das sie uns Menschen einfach um den Finger wickelt.<br \/>\nIch glaube da sollten wir dran arbeiten&#8230;.<br \/>\nIch hoffe sie bleibt einfach, wie sie ist und bringt mich ihr ganzen Leben lang zum Grinsen.<br \/>\nBellis ist w\u00e4hrend einer OP am 12.11.2019 verstorben&#8230;<\/p>\n<p style=\"text-align: center;\"><a href=\"http:\/\/mein-kuvasz.de\/?attachment_id=1468\" rel=\"attachment wp-att-1468\"><img data-recalc-dims=\"1\" loading=\"lazy\" decoding=\"async\" class=\"alignnone wp-image-1468\" src=\"https:\/\/i0.wp.com\/mein-kuvasz.de\/wp-content\/uploads\/2015\/10\/IMG_9195-Bearbeitet.jpg?resize=500%2C333\" alt=\"\" width=\"500\" height=\"333\" srcset=\"https:\/\/i0.wp.com\/mein-kuvasz.de\/wp-content\/uploads\/2015\/10\/IMG_9195-Bearbeitet.jpg?w=700 700w, https:\/\/i0.wp.com\/mein-kuvasz.de\/wp-content\/uploads\/2015\/10\/IMG_9195-Bearbeitet.jpg?resize=300%2C200 300w\" sizes=\"auto, (max-width: 500px) 100vw, 500px\" \/><\/a><\/p>\n<p><strong><u>Ausstellungsberichte:<\/u><\/strong><\/p>\n<p><u>Internationale Ausstellung Hannover 2018<\/u><br \/>\nChampion Klasse am 30.06.2018<br \/>\nRichter P\u00e9ter Hars\u00e1nyi (H)<br \/>\nBericht:\u00a0 5 j\u00e4hrige, feminine, starke H\u00fcndin mit exellentem Gesicht, etwas leichter Stop<br \/>\nGute obere Linie, exellente Augen, korrekte Haarqualit\u00e4t und einem exellenten Gangwerk.<br \/>\nFormwert: V1, vorz\u00fcglich, erster Platz, BOB<\/p>\n<p><u>World Club Show Kuvasz Freunde e.V. Taucha 2017<\/u><br \/>\nChampion Klasse am 09.11.2017<br \/>\nRichter Dr. Hud\u00e1k P\u00e9ter<br \/>\nBericht:\u00a0 gut gewachsene 4 1\/2 Jahre alte H\u00fcndin in sehr guter Kondition, keilf\u00f6rmiger Kopf, Stirn ein bi\u00dfchen mehr gew\u00f6lbt, sehr gute Pigmente, gut angesetzte Ohren und Rute, tiefe Brust, fester R\u00fccken und Lende, vorne korrekt, hinten sebelf\u00f6rmiger Stand, typisches Haarkleid<br \/>\nFormwert: V, vorz\u00fcglich, keine Platzierung<\/p>\n<p><u>Internationale Ausstellung Hannover 2017<\/u><br \/>\nChampion Klasse am 10.06.2017<br \/>\nRichter H.- J. Dux<br \/>\nBericht:\u00a0 gut 4 Jahre, Scherengebi\u00df, in der Mittelhand k\u00f6nnte sie eine Rippe l\u00e4nger sein, ausdrucksvoller rassetyp. Kopf, gerader nicht ganz fester R\u00fccken, korrekte Winkelungen, gute Haarqualit\u00e4t und Farbe, fl\u00fcssiges Gangwerk, freundliches Wesen<br \/>\nFormwert: V1, vorz\u00fcglich, erster Platz, BOB<\/p>\n<p><span style=\"text-decoration: underline;\">KfUH Spezial-Rassehunde-Ausstellung der LG NRW-S\u00fcd K\u00f6ln-Porz 2016<\/span><br \/>\nChampion Klasse am 25.09.2016<br \/>\nRichter Frau Wagner<br \/>\nBericht: 3 1\/2 j\u00e4hrige H\u00fcndin, vorz\u00fcglicher Kopf und Muskeln. W\u00fcnsche mir ein wenig mehr Nackenl\u00e4nge, korrekte Winkelungen, Vorder- und Hinterhand korrekt im Stand und vorz\u00fcglich in der Bewegung. Vorz\u00fcgliches Wesen, korrekte Rutenhaltung<br \/>\nFormwert: V2, vorz\u00fcglich, zweiter Platz, Res.-Anw. Dt. Ch. VDH, Res.-CAC<\/p>\n<p><span style=\"text-decoration: underline;\">IZH Hannover 2015<\/span><br \/>\nOffene Klasse am 24.10.2015<br \/>\nRichter A. Sassenberg<br \/>\nBericht: 2 1\/2 j\u00e4hrige typische Rassevertreterin, femininer Kopf, korrekt getragene Ohren, schwarzes Pigment, straffe Lefzen, vorz\u00fcgliche obere und untere Linie, korrekte Stellung und Winkelung der Vorderhand und Hinterhand, typisches Haarkleid, \u00e4u\u00dferst harmonisches Gangwerk, liebes ausgeglichenes Verhalten<br \/>\nFormwert: V1, vorz\u00fcglich, erster Platz, Anw. Dt. Ch. VDH, CAC, CACIB, BOB<\/p>\n<p><span style=\"text-decoration: underline;\">Bundessieger-Ausstellung Dortmund 2015<\/span><br \/>\nOffene Klasse am 18.10.2015<br \/>\nRichter N. Roling<br \/>\nBericht: 2 1\/2 j\u00e4hrige vorz\u00fcglich proportionierte H\u00fcndin, excellent geschnittener Kopf, dunkle Augen und Pigment, vorz\u00fcglicher Lied- und Lefzenschnitt, fester gerader R\u00fccken, tiefe Brust, korrekte Stellung und Winkelung der Extremit\u00e4ten, rassegerechtes Haarkleid, sehr sch\u00f6ne fl\u00fcssige Bewegungsabl\u00e4ufe, liebes Wesen<br \/>\nFormwert: V1, vorz\u00fcglich, erster Platz, Anw. Dt. Ch. VDH, CAC, CACIB, Bundessieger, BOB<\/p>\n<p><span style=\"text-decoration: underline;\">IZH Hannover 2014<\/span><br \/>\nOffene Klasse am 02.11.2014<br \/>\nRichter N. Roling<br \/>\nBericht: 21 monatige in sich harmonische, gut im Futter stehende H\u00fcndin, dunkle Augen und Pigmente, femininer Kopf, Stellung der Z\u00e4hne im Unterkiefer nicht ganz regelm\u00e4\u00dfig, korrekte Geb\u00e4udeproportionen, rassegerechtes Haarkleid, fl\u00fcssige Bewegungsabl\u00e4ufe, liebes Wesen<br \/>\nFormwert: V1, vorz\u00fcglich, erster Platz, Anw. Dt. Ch. VDH, CAC, CACIB, BOB<\/p>\n<p><span style=\"text-decoration: underline;\">KVD Vereinssiegerausstellung D\u00fcsseldorf 2014<\/span><br \/>\nZwischenklasse am 12.10.2014<br \/>\nRichter Guido Sch\u00e4fer<br \/>\nBericht: 20 Monate alte, sehr typische H\u00fcndin, einwandfreie Proportionen und Knochenst\u00e4rke, keilf\u00f6rmiger Kopf mit sehr gutem Ausdruck, vorz\u00fcglicher Stopp\/Augen und Ohren, kurzer Hals, gerader R\u00fccken, vorz\u00fcgliche Kruppe, tief angesetzte Rute, vorz\u00fcgliche Winkelungen, gutes Gangwerk, gerade Pfoten, sehr gepflegtes Haarkleid in sehr guter Struktur und Form, sehr sch\u00f6n pr\u00e4sentiert<br \/>\nFormwert: V1, vorz\u00fcglich, erster Platz, Anw. Dt. Ch. VDH<\/p>\n<p><span style=\"text-decoration: underline;\">KfUH Spezial-Rassehunde-Ausstellung der LG NRW-S\u00fcd K\u00f6ln-Porz 2014<\/span><br \/>\nZwischenklasse am 14.09.2014<br \/>\nRichter Angelika Sassenberg<br \/>\nBericht: 19 Monate alte H\u00fcndin mit ausdrucksvollem, femininen Kopf, korrekter Stopp, mandelf\u00f6rmige dunkelbraune Augen, schwarzes Pigment und straffe Lefzen, breite und tiefe Brust, kr\u00e4ftige Laufknochen, korrekt gestellt und gewinkelt, gerade R\u00fcckenlinie, fl\u00fcssiges Gangwerk, ausgeglichenes Verhalten<br \/>\nFormwert: V1, vorz\u00fcglich, erster Platz, Anw. Dt. Ch. VDH, CAC<\/p>\n<p><span style=\"text-decoration: underline;\">VDH Europasieger-Ausstellung Dortmund 2014<\/span><br \/>\nJugendklasse am 11.05.2014<br \/>\nRichter Angelika Sassenberg<br \/>\nBericht: 14 Monate alte H\u00fcndin, typischer H\u00fcndinnenkopf mit typischen Augen, schwarzem Pigment, straffe Lefzen, korrekte Brustpartie, korrekt strukturiertes Haarkleid, lange korrekt getragene Rute, korrekte Stellung und Winkelung der Extremit\u00e4ten, korrektes Gangwerk<br \/>\nFormwert: V2, vorz\u00fcglich, zweiter Platz, Res.-Anw. Dt. Jug. Ch. VDH, Res. CAC Jug.<\/p>\n<p><span style=\"text-decoration: underline;\">Internationale Rassehunde Ausstellung Hannover IZH<\/span><br \/>\nH\u00fcndinnen J\u00fcngstenklasse am 26.10.2013<br \/>\nRichter Dr. Auernhammer<br \/>\nBericht: 8 Monate alte Jungh\u00fcndin, altersentsprechend sehr gut entwickelt, Geb\u00e4ude im Wachstum, h\u00fcndinnenhafter Kopf mit dunkelbraunen Augen plus schwarzen Pigmenten, Haarkleid \u00fcppig entwickelt, Bewegungsablauf jugendlich und korrekt, verspieltes Wesen.<br \/>\nFormwert: vv2, vorz\u00fcglich, zweiter Platz.<\/p>\n<p><span style=\"text-decoration: underline;\">Vereinssieger Ausstellung KVD<\/span><br \/>\nH\u00fcndinnen J\u00fcngstenklasse am 08.09.2013<br \/>\nEdith Sch\u00f6n<br \/>\nBericht: 7 Mon. Jungh\u00fcndin, zeigt sich frei und freundlich, korr. K\u00f6rperbau, sch\u00f6ner H\u00fcndinnenkopf, dunkelbraunes, gut eingesetztes Auge, hochtypisches Haarkleid, fl\u00fcssig in der Bewegung, L\u00e4ufe parallel.<br \/>\nFormwert: vv1, vielversprechend, erster Platz.<\/p>\n","protected":false},"excerpt":{"rendered":"<p>Bellis, geb. am 26.02.2013. Bellis ist HD-frei, OCD-frei und ED-frei Genotyp N\/N (A,frei) lt. DOK-Untersuchung frei von allen erblichen Augenerkrankungen angek\u00f6rt, ohne Auflagen bis zum Ende des Zuchtalters internationaler Champion (VDH) \u00dcber Bellis k\u00f6nnte ich jetzt schon Romane schreiben. Sie ist einfach bezaubernd, immer gut drauf und sorgt st\u00e4ndig daf\u00fcr das wir mit einem Grinsen [&hellip;]<\/p>\n","protected":false},"author":1,"featured_media":0,"parent":0,"menu_order":0,"comment_status":"closed","ping_status":"closed","template":"","meta":{"jetpack_post_was_ever_published":false,"footnotes":""},"class_list":["post-60","page","type-page","status-publish","hentry"],"jetpack_likes_enabled":true,"jetpack_sharing_enabled":false,"_links":{"self":[{"href":"http:\/\/mein-kuvasz.de\/index.php?rest_route=\/wp\/v2\/pages\/60","targetHints":{"allow":["GET"]}}],"collection":[{"href":"http:\/\/mein-kuvasz.de\/index.php?rest_route=\/wp\/v2\/pages"}],"about":[{"href":"http:\/\/mein-kuvasz.de\/index.php?rest_route=\/wp\/v2\/types\/page"}],"author":[{"embeddable":true,"href":"http:\/\/mein-kuvasz.de\/index.php?rest_route=\/wp\/v2\/users\/1"}],"replies":[{"embeddable":true,"href":"http:\/\/mein-kuvasz.de\/index.php?rest_route=%2Fwp%2Fv2%2Fcomments&post=60"}],"version-history":[{"count":10,"href":"http:\/\/mein-kuvasz.de\/index.php?rest_route=\/wp\/v2\/pages\/60\/revisions"}],"predecessor-version":[{"id":1819,"href":"http:\/\/mein-kuvasz.de\/index.php?rest_route=\/wp\/v2\/pages\/60\/revisions\/1819"}],"wp:attachment":[{"href":"http:\/\/mein-kuvasz.de\/index.php?rest_route=%2Fwp%2Fv2%2Fmedia&parent=60"}],"curies":[{"name":"wp","href":"https:\/\/api.w.org\/{rel}","templated":true}]}}