{"id":77,"date":"2015-10-26T18:59:08","date_gmt":"2015-10-26T18:59:08","guid":{"rendered":"http:\/\/mein-kuvasz.de\/?page_id=77"},"modified":"2017-09-02T11:15:27","modified_gmt":"2017-09-02T09:15:27","slug":"anup","status":"publish","type":"page","link":"http:\/\/mein-kuvasz.de\/?page_id=77","title":{"rendered":"\u00c8szaki f\u00e9ny An\u00fap"},"content":{"rendered":"<p style=\"text-align: center;\"><img data-recalc-dims=\"1\" loading=\"lazy\" decoding=\"async\" class=\"alignnone wp-image-133 size-full\" src=\"https:\/\/i0.wp.com\/mein-kuvasz.de\/wp-content\/uploads\/2015\/10\/anup27.jpg?resize=500%2C354\" alt=\"anup27\" width=\"500\" height=\"354\" srcset=\"https:\/\/i0.wp.com\/mein-kuvasz.de\/wp-content\/uploads\/2015\/10\/anup27.jpg?w=500 500w, https:\/\/i0.wp.com\/mein-kuvasz.de\/wp-content\/uploads\/2015\/10\/anup27.jpg?resize=300%2C212 300w\" sizes=\"auto, (max-width: 500px) 100vw, 500px\" \/><\/p>\n<p style=\"text-align: center;\">An\u00fap ist am 04.07..2005 geboren.<br \/>\ngPRA Testergebnis: Genotyp PRA\/PRA (C,betroffen)<br \/>\nEr ist tempramentvoll, einf\u00fchlsam,. stolz, eigen und hat ganz sicher den sechsten Sinn.<br \/>\nEr sucht sich seine Freunde ganz genau aus und das gilt f\u00fcr Mensch und Hund.<br \/>\nEr ist klar und deutlich in seinen Ansagen und niemals nachtragend. Ich hatte noch nie einen so schwierigen Hund, der mir im Gegenzug aber auch so viel beigebracht hat.<br \/>\nWie sagt man so sch\u00f6n, man bekommt den Hund den man braucht.<br \/>\nBei An\u00fap und mir war das sicher so.<br \/>\nEr ist einfach wunderbar und zeigt mir jeden noch so kleinen Fehler indem er entsprechend reagiert. Manchmal k\u00f6nnte ich ihn daf\u00fcr zum Mond schie\u00dfen, denn wer wird schon gern auf seine Unzul\u00e4nglichkeiten hingewiesen.<br \/>\nAn\u00fap hat leider gPRA und ist mit gut 7 Jahren vollst\u00e4ndig erblindet. Was seine Lebensfreude keinesfalls beeintr\u00e4chtigt.<br \/>\nEr kommt damit gut klar und wer ihn nicht kennt merkt nicht mal das er nichts sieht.<\/p>\n<p style=\"text-align: center;\">Leider ist An\u00fap seit Ende 2015 auch noch taub.<br \/>\nIch nenne ihn immer liebevoll unseren Behindertenanteil.<br \/>\nEr ist ein lustiger Hund, der sich manchmal selbst im Weg steht und genau daf\u00fcr<br \/>\nliebe ich ihn.<\/p>\n<p style=\"text-align: center;\">An\u00fap ist seit dem 05. Januar 2016 nicht mehr bei uns, aber ich kann ihn hier noch nicht &#8222;l\u00f6schen&#8220;. Er ist einfach noch zu pr\u00e4sent und es tut noch viel zu sehr weh.<\/p>\n<p style=\"text-align: center;\"><img data-recalc-dims=\"1\" loading=\"lazy\" decoding=\"async\" class=\"alignnone wp-image-153 size-full aligncenter\" src=\"https:\/\/i0.wp.com\/mein-kuvasz.de\/wp-content\/uploads\/2015\/10\/anup28.jpg?resize=500%2C333\" alt=\"anup28\" width=\"500\" height=\"333\" srcset=\"https:\/\/i0.wp.com\/mein-kuvasz.de\/wp-content\/uploads\/2015\/10\/anup28.jpg?w=500 500w, https:\/\/i0.wp.com\/mein-kuvasz.de\/wp-content\/uploads\/2015\/10\/anup28.jpg?resize=300%2C200 300w\" sizes=\"auto, (max-width: 500px) 100vw, 500px\" \/><\/p>\n<p>&nbsp;<\/p>\n<p><strong><u>Ausstellungsberichte:<\/u><\/strong><\/p>\n<p><u>Internationale Zuchtschau Hannover 2006<\/u><br \/>\nZwischenklasse am 29.10.2006<br \/>\nRichter Jochen Eberhardt<br \/>\nBericht: Verhaltenssicherer aber gutartiger R\u00fcde mit jugendlichem Kopf, kr\u00e4ftigen korrekten Gebiss, vorz\u00fcglichem Pigment und gutem Ausdruck.<br \/>\nHals von m\u00e4\u00dfiger L\u00e4nge, Rumpfentwicklung altersgem\u00e4\u00df aber noch nicht beendet.<br \/>\nJugendliche Lende, es fehlt noch an Bugbreite und Vorbrust, mittlere Laufknochenst\u00e4rke, Gelenke noch sehr weich, in der Bewegung noch nicht durchl\u00e4ssig.<br \/>\nGepflegtes typisches Haar, in der Bewegung Rute sehr hoch getragen.<br \/>\nFormwert: SG 2, sehr gut, zweiter Platz<\/p>\n","protected":false},"excerpt":{"rendered":"<p>An\u00fap ist am 04.07..2005 geboren. gPRA Testergebnis: Genotyp PRA\/PRA (C,betroffen) Er ist tempramentvoll, einf\u00fchlsam,. stolz, eigen und hat ganz sicher den sechsten Sinn. Er sucht sich seine Freunde ganz genau aus und das gilt f\u00fcr Mensch und Hund. Er ist klar und deutlich in seinen Ansagen und niemals nachtragend. Ich hatte noch nie einen so [&hellip;]<\/p>\n","protected":false},"author":1,"featured_media":0,"parent":0,"menu_order":0,"comment_status":"closed","ping_status":"closed","template":"","meta":{"jetpack_post_was_ever_published":false,"footnotes":""},"class_list":["post-77","page","type-page","status-publish","hentry"],"jetpack_likes_enabled":true,"jetpack_sharing_enabled":false,"_links":{"self":[{"href":"http:\/\/mein-kuvasz.de\/index.php?rest_route=\/wp\/v2\/pages\/77","targetHints":{"allow":["GET"]}}],"collection":[{"href":"http:\/\/mein-kuvasz.de\/index.php?rest_route=\/wp\/v2\/pages"}],"about":[{"href":"http:\/\/mein-kuvasz.de\/index.php?rest_route=\/wp\/v2\/types\/page"}],"author":[{"embeddable":true,"href":"http:\/\/mein-kuvasz.de\/index.php?rest_route=\/wp\/v2\/users\/1"}],"replies":[{"embeddable":true,"href":"http:\/\/mein-kuvasz.de\/index.php?rest_route=%2Fwp%2Fv2%2Fcomments&post=77"}],"version-history":[{"count":10,"href":"http:\/\/mein-kuvasz.de\/index.php?rest_route=\/wp\/v2\/pages\/77\/revisions"}],"predecessor-version":[{"id":1005,"href":"http:\/\/mein-kuvasz.de\/index.php?rest_route=\/wp\/v2\/pages\/77\/revisions\/1005"}],"wp:attachment":[{"href":"http:\/\/mein-kuvasz.de\/index.php?rest_route=%2Fwp%2Fv2%2Fmedia&parent=77"}],"curies":[{"name":"wp","href":"https:\/\/api.w.org\/{rel}","templated":true}]}}