{"id":1978,"date":"2020-11-04T19:52:26","date_gmt":"2020-11-04T18:52:26","guid":{"rendered":"http:\/\/mein-kuvasz.de\/?page_id=1978"},"modified":"2023-05-30T20:18:45","modified_gmt":"2023-05-30T18:18:45","slug":"ria-2","status":"publish","type":"page","link":"https:\/\/mein-kuvasz.de\/?page_id=1978","title":{"rendered":"Ria"},"content":{"rendered":"\n<p>Liebe hei\u00dft, loslassen k\u00f6nnen&#8230;.wenn die Zeit gekommen ist.<br>Dies ist die schwerste Lektion unseres Lebens.<br>Aber nichts ist zu schwer, wenn man es aus Liebe tut&#8230;.f\u00fcr Ria<br>05.03.2009-30.10.2020 <\/p>\n\n\n\n<figure class=\"wp-block-image size-large is-style-default\"><img data-recalc-dims=\"1\" loading=\"lazy\" decoding=\"async\" width=\"640\" height=\"417\" src=\"https:\/\/i0.wp.com\/mein-kuvasz.de\/wp-content\/uploads\/2020\/11\/P16A3152-Bearbeitet-1-edited-scaled.jpg?resize=640%2C417\" alt=\"\" class=\"wp-image-1982\" srcset=\"https:\/\/i0.wp.com\/mein-kuvasz.de\/wp-content\/uploads\/2020\/11\/P16A3152-Bearbeitet-1-edited-scaled.jpg?w=2560&amp;ssl=1 2560w, https:\/\/i0.wp.com\/mein-kuvasz.de\/wp-content\/uploads\/2020\/11\/P16A3152-Bearbeitet-1-edited-scaled.jpg?resize=300%2C195&amp;ssl=1 300w, https:\/\/i0.wp.com\/mein-kuvasz.de\/wp-content\/uploads\/2020\/11\/P16A3152-Bearbeitet-1-edited-scaled.jpg?resize=1024%2C667&amp;ssl=1 1024w, https:\/\/i0.wp.com\/mein-kuvasz.de\/wp-content\/uploads\/2020\/11\/P16A3152-Bearbeitet-1-edited-scaled.jpg?resize=768%2C500&amp;ssl=1 768w, https:\/\/i0.wp.com\/mein-kuvasz.de\/wp-content\/uploads\/2020\/11\/P16A3152-Bearbeitet-1-edited-scaled.jpg?resize=1536%2C1000&amp;ssl=1 1536w, https:\/\/i0.wp.com\/mein-kuvasz.de\/wp-content\/uploads\/2020\/11\/P16A3152-Bearbeitet-1-edited-scaled.jpg?resize=2048%2C1334&amp;ssl=1 2048w, https:\/\/i0.wp.com\/mein-kuvasz.de\/wp-content\/uploads\/2020\/11\/P16A3152-Bearbeitet-1-edited-scaled.jpg?w=1280 1280w, https:\/\/i0.wp.com\/mein-kuvasz.de\/wp-content\/uploads\/2020\/11\/P16A3152-Bearbeitet-1-edited-scaled.jpg?w=1920 1920w\" sizes=\"auto, (max-width: 640px) 100vw, 640px\" \/><\/figure>\n\n\n\n<p><\/p>\n\n\n\n<p>Ok, mit vollst\u00e4ndigem Namen, Riana-Schanima von Anka, Prinzessin im Hause Feldbusch.<br><br>Meine alte Hundedame brachte uns die letzten Monate so oft zum Schmunzeln und ich sagte ihr fast t\u00e4glich, wie niedlich sie ist.<br>Sie war noch mal richtig aufgebl\u00fcht, als&nbsp;An\u00fap nicht mehr da war, traute sie sich wieder mehr zu.<br>Als Bellis leider auch noch ging, f\u00fchlte sie sich pudelwohl, denn Divi war immer nett zu ihr und hatte kein Interesse sie einzuschr\u00e4nken, ganz im Gegenteil.<br>Sie hatte Schabernack im Kopf und lebte es auch aus. Das Sofa hatte sie zu ihrem Thron erkl\u00e4rt und Herrchen war ihr bester Freund und Futterreicher am Tisch. \ud83d\ude09<br>Sie sah es als selbstverst\u00e4ndlich an, wenn wir in der Stube a\u00dfen, da\u00df sie sich da zwischen setzte, um einen \u00dcberblick zu haben, was denn so auf dem Teller lag. Jeder Bissen wurde einem mit Bonbonaugen vom Mund geklaut. <br>St\u00e4ndig wurde mit der Schnauze unter dem Arm gestupst, so das einem fast die Kaffeetasse auf dem Scho\u00df landete, nur weil Madame gekrault werden wollte. \ud83d\ude42<br>Kuscheln konnte sie wirklich immer, nat\u00fcrlich nur zu ihren Bedingungen und nicht so dolle in den Arm nehmen.<br>Sie spielte mit uns und forderte dazu selbstst\u00e4ndig auf. Drau\u00dfen kasperte sie mit der Leine rum und zergelte mit mir um die Wette. Dabei wurde angsteinfl\u00f6\u00dfend gekurrt und \u00fcber beide Backen gegrinst. W\u00e4lzen im gr\u00fcnen Gras ging bis zum Schluss. \ud83d\ude42<br>Hunde waren nie ihre Freunde, aber auch da hatten wir einen Weg gefunden, mit dem wir alle klar kamen.<br><br>Die letzten Wochen baute sie stark ab und man merkte es ging ihr nicht mehr wirklich gut, dazu kam der Tumor im Gaumen und so war es klar, wir werden sie nun , wie alle unsere Hunde, auf dem letzten Weg begleiten m\u00fcssen\u2026.<br><br>S\u00fc\u00df war sie, sch\u00f6n das Du da warst, kleine K\u00fcssi-K\u00fcssi, auch im Namen von Herrchen.<\/p>\n\n\n\n<p>Alles ist noch unwirklich, es ist noch nicht angekommen, das sie nicht mehr da ist.<br>Ich h\u00f6re, rieche und sehe sie neben mir&#8230;.das wird noch dauern und deshalb kann ich noch nicht richtig Abschied nehmen.<br><\/p>\n","protected":false},"excerpt":{"rendered":"<p>Liebe hei\u00dft, loslassen k\u00f6nnen&#8230;.wenn die Zeit gekommen ist.Dies ist die schwerste Lektion unseres Lebens.Aber nichts ist zu schwer, wenn man es aus Liebe tut&#8230;.f\u00fcr Ria05.03.2009-30.10.2020 Ok, mit vollst\u00e4ndigem Namen, Riana-Schanima von Anka, Prinzessin im Hause Feldbusch. Meine alte Hundedame brachte uns die letzten Monate so oft zum Schmunzeln und ich sagte ihr fast t\u00e4glich, wie [&hellip;]<\/p>\n","protected":false},"author":1,"featured_media":0,"parent":0,"menu_order":0,"comment_status":"closed","ping_status":"closed","template":"","meta":{"jetpack_post_was_ever_published":false,"footnotes":""},"class_list":["post-1978","page","type-page","status-publish","hentry"],"jetpack_likes_enabled":true,"jetpack_sharing_enabled":true,"_links":{"self":[{"href":"https:\/\/mein-kuvasz.de\/index.php?rest_route=\/wp\/v2\/pages\/1978","targetHints":{"allow":["GET"]}}],"collection":[{"href":"https:\/\/mein-kuvasz.de\/index.php?rest_route=\/wp\/v2\/pages"}],"about":[{"href":"https:\/\/mein-kuvasz.de\/index.php?rest_route=\/wp\/v2\/types\/page"}],"author":[{"embeddable":true,"href":"https:\/\/mein-kuvasz.de\/index.php?rest_route=\/wp\/v2\/users\/1"}],"replies":[{"embeddable":true,"href":"https:\/\/mein-kuvasz.de\/index.php?rest_route=%2Fwp%2Fv2%2Fcomments&post=1978"}],"version-history":[{"count":7,"href":"https:\/\/mein-kuvasz.de\/index.php?rest_route=\/wp\/v2\/pages\/1978\/revisions"}],"predecessor-version":[{"id":2486,"href":"https:\/\/mein-kuvasz.de\/index.php?rest_route=\/wp\/v2\/pages\/1978\/revisions\/2486"}],"wp:attachment":[{"href":"https:\/\/mein-kuvasz.de\/index.php?rest_route=%2Fwp%2Fv2%2Fmedia&parent=1978"}],"curies":[{"name":"wp","href":"https:\/\/api.w.org\/{rel}","templated":true}]}}