{"id":2329,"date":"2022-10-17T10:07:17","date_gmt":"2022-10-17T08:07:17","guid":{"rendered":"http:\/\/mein-kuvasz.de\/?page_id=2329"},"modified":"2026-02-14T15:25:26","modified_gmt":"2026-02-14T14:25:26","slug":"eszaki-feny-csinos","status":"publish","type":"page","link":"https:\/\/mein-kuvasz.de\/?page_id=2329","title":{"rendered":"\u00c8szaki f\u00e8ny Csinos"},"content":{"rendered":"\n<p>Csinos ist hier am 24.04.2022 geboren und ein absolutes Wunschkind.<br>Sie ist ein Wirbelwind, irgendwie immer auf Achse und kompromisslos aber charmant, wenn sie etwas will. Selten habe ich so einen beharrlichen Welpen\/Junghund gehabt.<br>Sie wickelt ihre Mama und auch \u00c4ppi um die Pfote und selbst wenn die mal strenger sind, gibt sie niemals auf, ihren Willen zu bekommen und es klappt bisher auch immer.<br>Ich w\u00fcnsche mir oft die beiden w\u00e4ren etwas &#8222;h\u00e4rter&#8220; mit ihr, denn sie trampelt oft auf ihnen rum und findet das auch v\u00f6llig ok.<br>Sie ist eine sehr selbstbewu\u00dfte H\u00fcndin und obwohl es bei Hundebegegnungen bisher nur zwei Wege gibt, mag sie Hunde. Entweder sie ist der \u00fcberdrehte Junghund, der sein Gegen\u00fcber st\u00e4ndig im Schulterbereich knufft und anrempelt oder das Spiel ist genau umgekehrt und sie wird so behandelt. Komischerweise kommt sie mit beidem klar. Daran m\u00fcssen wir aber echt noch feilen.<br>Sie ist umweltsicher und meistens neutral, au\u00dfer bei Dingen die fliegen, wie Insekten, V\u00f6gel oder Bl\u00e4tter im Wind, da muss sie einfach hinterher und Kontrolle f\u00e4llt ihr da noch sehr schwer. Noch eine kleine Baustelle \ud83d\ude09 <br>Sie hat noch ganz viel Knete im Kopf, macht jede Menge Bl\u00f6dsinn und ist seeeehr einfallsreich was man mit seinen Z\u00e4hnen alles machen kann und wo man \u00fcberall drauf klettern oder springen kann. Ich muss sie schon manchmal bremsen oder retten, damit sie nicht verunfallt.<br>Trotzallem liebe ich das kleine Ding abg\u00f6ttisch, obwohl das Empfinden immer zwischen &#8222;sie ist der s\u00fc\u00dfte Hund auf der Welt&#8220; und &#8220; sie kommt ins Heim&#8220; schwankt.<br><br>Sie hat sehr viel von Divi geerbt, das Aussehen auf jeden Fall, aber auch ihre selbstst\u00e4ndige Art und dieses ich komme schon allein klar und brauche niemanden, erinnert mich sehr an Divis Junghund Dasein.<br><br>Sie ist v\u00f6llig verr\u00fcckt, wie ihre Mama und genau so verschmust und lieb.<br>Wir werden sehen, wo die Reise noch hingeht\u2026..<br>Csinos ist HD frei, ED und OCD frei, gPRA Tr\u00e4ger und bis Ende Zuchtalter ohne Auflagen angek\u00f6rt.<\/p>\n\n\n\n<figure class=\"wp-block-image size-large\"><a href=\"https:\/\/i0.wp.com\/mein-kuvasz.de\/wp-content\/uploads\/2022\/11\/P16A7321-Bearbeitet-scaled.jpg\"><img data-recalc-dims=\"1\" loading=\"lazy\" decoding=\"async\" width=\"640\" height=\"427\" src=\"https:\/\/i0.wp.com\/mein-kuvasz.de\/wp-content\/uploads\/2022\/11\/P16A7321-Bearbeitet.jpg?resize=640%2C427\" alt=\"\" class=\"wp-image-2402\" srcset=\"https:\/\/i0.wp.com\/mein-kuvasz.de\/wp-content\/uploads\/2022\/11\/P16A7321-Bearbeitet-scaled.jpg?resize=1024%2C683&amp;ssl=1 1024w, https:\/\/i0.wp.com\/mein-kuvasz.de\/wp-content\/uploads\/2022\/11\/P16A7321-Bearbeitet-scaled.jpg?resize=300%2C200&amp;ssl=1 300w, https:\/\/i0.wp.com\/mein-kuvasz.de\/wp-content\/uploads\/2022\/11\/P16A7321-Bearbeitet-scaled.jpg?resize=768%2C512&amp;ssl=1 768w, https:\/\/i0.wp.com\/mein-kuvasz.de\/wp-content\/uploads\/2022\/11\/P16A7321-Bearbeitet-scaled.jpg?resize=1536%2C1024&amp;ssl=1 1536w, https:\/\/i0.wp.com\/mein-kuvasz.de\/wp-content\/uploads\/2022\/11\/P16A7321-Bearbeitet-scaled.jpg?resize=2048%2C1365&amp;ssl=1 2048w, https:\/\/i0.wp.com\/mein-kuvasz.de\/wp-content\/uploads\/2022\/11\/P16A7321-Bearbeitet-scaled.jpg?w=1280 1280w, https:\/\/i0.wp.com\/mein-kuvasz.de\/wp-content\/uploads\/2022\/11\/P16A7321-Bearbeitet-scaled.jpg?w=1920 1920w\" sizes=\"auto, (max-width: 640px) 100vw, 640px\" \/><\/a><\/figure>\n\n\n\n<p><br><strong>Ausstellungsberichte:<\/strong><br><span style=\"text-decoration: underline;\">VSA Isernhagen 2025<\/span><br>Offene Klasse am 14.09.2025<br>Richter Angelika Sassenberg<br>Bericht: <br>3 !\/2 j\u00e4hrige typvolle H\u00fcndin, feminiener Kopf mit korrekt getragenen Ohren, vollzahniges Scherengebiss, schwarzem Pigment der Lieder, Nase und Lefzen, korrekte Brustpartie, korrekte Stellung und Winkelung der Extremit\u00e4ten, gerade korrekte R\u00fcckenpartie, lange vorz\u00fcglich getragenen Rute, vorz\u00fcgliche Haarstruktur, fl\u00fcssiges raumgreifendes Gangwerk, liebes aufmerksames Verhalten.<br>Formwert: V1, vorz\u00fcglich, erster Platz <br><br><span style=\"text-decoration: underline;\">GRA Loxstedt II 2025<\/span><br>Offene Klasse am 29.06.2025<br>Richter Catherine Rooney<br>Bericht: <br>Sch\u00f6ner Kopf, guter Ausdruck, Auge k\u00f6nnte etwas dunkler sein, Gebiss ist gut, dunkel im Maul,<br>steht etwas breit, spreizt die Schulter, gute Hinterhandwinkelung, gute Sprunggelenke, sch\u00f6ne Pfoten,<br>muss stabilisiert werden und die Bewegung ist im Moment nicht ganz gut, wenn sie stabil ist, ist die<br>Bewegung gut, braucht mehr Training f\u00fcr den Ausstellungsring<br>Formwert: V1, vorz\u00fcglich, erster Platz, BOB<\/p>\n\n\n\n<p><span style=\"text-decoration: underline;\">Dortmund- Herbstsieger<\/span><br>Offene Klasse am 10.11.2024<br>Richter Angelika Sassenberg<br>Bericht: <br>2,5 j\u00e4hrige vorz\u00fcglich proportionierte H\u00fcndin, femininer Kopf, vollzahniges, kr\u00e4ftiges Scherengebiss, schwarze Pigmente, korrekter Stop, sehr sch\u00f6ne breite Brust, vorz\u00fcgliche obere und untere Linie, gerade R\u00fcckenlinie, vorne gut gestellt, Hinterhand korrekt gewinkelt, lange vorz\u00fcglich getragene und befederte Rute, vorz\u00fcgliches Haarkleid, korrektes Gangwerk, ausgeglichenes Verhalten.<br>Formwert: V1, vorz\u00fcglich, erster Platz, BOB<br><br><span style=\"text-decoration: underline;\">GRA Loxstedt II 2024<\/span><br>Offene Klasse am 30.06.2024<br>Richter Elizabeth Gonzalez<br>Bericht: <br>Gute Silouette, korrekte Gr\u00f6\u00dfe, gute Oberlinie und Rutenansatz\/haltung, normales Gebiss, gute dunkle Pigmentierung, gute Beinl\u00e4nge, Vorderf\u00fc\u00dfe k\u00f6nnten korrekter sein, die Fesseln k\u00f6nnten fester sein, mitten im Fellwechsel, Sprunggelenke sind ruhig, wie die Lende, lebhafte Bewegung, gutes Temperament.<br>Formwert: V2, vorz\u00fcglich, zweiter Platz<\/p>\n\n\n\n<p><span style=\"text-decoration: underline;\">KF Spezialzuchtschau Iserlohn 2023<\/span><br>Zwischenklasse am 29.10.2023<br>Richter Angelika Kammerscheid-Lammers<br>Bericht: <br>18 Monate, keilf\u00f6rmiger femininer Kopf, typischer Ausdruck, Ohren mittelhoch angesetzt, m\u00e4\u00dfiger Stop, dunkle augen in korrekter Lidspalte, Fang keilf\u00f6rmig kr\u00e4ftig, Hals kurz und kr\u00e4ftig, R\u00fccken gerade und fest, Kruppe gut bemuskelt, tiefe Brust, L\u00e4ufe kr\u00e4tig und gerade, sehr gut gestellt im Stand, Hinterhand altersgem\u00e4\u00df kr\u00e4ftig entwickelt und fest, freier Bewegungsablauf, freundliches Verhalten<br>Formwert: V1, vorz\u00fcglich, erster Platz<\/p>\n\n\n\n<p><span style=\"text-decoration: underline;\">GRA Loxstedt II 2023<\/span><br>Jugendklasse am 25.06.2023<br>Richter Galyna Kallnichenko<br>Bericht: <br>Gute Gr\u00f6\u00dfe, typvoller Kopf, exellente Front, gute Winkelung hinten, korrektes Haar, aber zu weich. gute Pigmente, gutes Temprament<br>Formwert: V1, vorz\u00fcglich, erster Platz, bester Jugendhund<\/p>\n\n\n\n<p><span style=\"text-decoration: underline;\">CACIB Lingen 2023<\/span><br>Jugendklasse am 22.04.2023<br>Richter Hans-Joachim Dux<br>Bericht: <br>1 Jahr , korrekte Front, sehr guter Rassetyp, dunkle Augen, fester R\u00fccken, Hinterhand gewinkelt, im Ring noch etwas unerfahren aber schon temperamentvoll, freies Gangwerk, freundliches Verhalten<br>Formwert: V2, vorz\u00fcglich, zweiter Platz<\/p>\n\n\n\n<p><span style=\"text-decoration: underline;\">VSA KVD Sangerhausen 2022<\/span><br>Baby Klasse am 18.09.2022<br>Richter Kristina N\u00f6lke<br>Bericht: <br>5 Monate alte, feminine H\u00fcndin mit recht gutem Kopf, sehr sch\u00f6nes dunkles Pigment, korrekte Kopfproportionen, dunkelbraune, mandelf\u00f6rmige Augen, leichter Stopp, korrekt angesetzte und gut getragene Ohren, sehr gute Halsl\u00e4nge, gerader R\u00fccken, sehr gut gewinkelt vorne und hinten, sehr gut entwickelte Vorbrust und Brustkorb, korrektes K\u00f6rperformat, recht verspielter Bewegungsablauf, Haarkleid altersentsprechend, freundliches Verhalten.<br>Formwert: vv1, vielversprechend, erster Platz<\/p>\n","protected":false},"excerpt":{"rendered":"<p>Csinos ist hier am 24.04.2022 geboren und ein absolutes Wunschkind.Sie ist ein Wirbelwind, irgendwie immer auf Achse und kompromisslos aber charmant, wenn sie etwas will. Selten habe ich so einen beharrlichen Welpen\/Junghund gehabt.Sie wickelt ihre Mama und auch \u00c4ppi um die Pfote und selbst wenn die mal strenger sind, gibt sie niemals auf, ihren Willen [&hellip;]<\/p>\n","protected":false},"author":1,"featured_media":0,"parent":0,"menu_order":0,"comment_status":"closed","ping_status":"closed","template":"","meta":{"footnotes":""},"class_list":["post-2329","page","type-page","status-publish","hentry"],"jetpack_likes_enabled":true,"jetpack_sharing_enabled":true,"_links":{"self":[{"href":"https:\/\/mein-kuvasz.de\/index.php?rest_route=\/wp\/v2\/pages\/2329","targetHints":{"allow":["GET"]}}],"collection":[{"href":"https:\/\/mein-kuvasz.de\/index.php?rest_route=\/wp\/v2\/pages"}],"about":[{"href":"https:\/\/mein-kuvasz.de\/index.php?rest_route=\/wp\/v2\/types\/page"}],"author":[{"embeddable":true,"href":"https:\/\/mein-kuvasz.de\/index.php?rest_route=\/wp\/v2\/users\/1"}],"replies":[{"embeddable":true,"href":"https:\/\/mein-kuvasz.de\/index.php?rest_route=%2Fwp%2Fv2%2Fcomments&post=2329"}],"version-history":[{"count":10,"href":"https:\/\/mein-kuvasz.de\/index.php?rest_route=\/wp\/v2\/pages\/2329\/revisions"}],"predecessor-version":[{"id":2754,"href":"https:\/\/mein-kuvasz.de\/index.php?rest_route=\/wp\/v2\/pages\/2329\/revisions\/2754"}],"wp:attachment":[{"href":"https:\/\/mein-kuvasz.de\/index.php?rest_route=%2Fwp%2Fv2%2Fmedia&parent=2329"}],"curies":[{"name":"wp","href":"https:\/\/api.w.org\/{rel}","templated":true}]}}