{"id":25,"date":"2015-10-26T18:56:41","date_gmt":"2015-10-26T18:56:41","guid":{"rendered":"http:\/\/mein-kuvasz.de\/?page_id=25"},"modified":"2023-05-30T20:20:35","modified_gmt":"2023-05-30T18:20:35","slug":"kuvasz","status":"publish","type":"page","link":"https:\/\/mein-kuvasz.de\/?page_id=25","title":{"rendered":"Kuvasz"},"content":{"rendered":"<p style=\"text-align: left;\"><span style=\"text-decoration: underline;\"><strong>(Wesen\/Eignung, Geschichte, Entwicklung und Standart)<\/strong><\/span><\/p>\n<p><b>Wesen und Eignung als Familienhund :<\/b><\/p>\n<p>Leider wird der Kuvasz h\u00e4ufig mit einen H\u00fctehund verwechselt. Der Kuvasz ist ein Herdenschutzhund. Der Begriff an sich erkl\u00e4rt schon die Aufgabe. Er wird zum Schutz der Herde eingesetzt, nicht um sie zu h\u00fcten und das Verhalten des Nutzviehs zu beeinflussen. Der Kuvasz soll drohende Gefahr f\u00fcr die Herde melden, dies tut er durch massives Bellen und gegebenenfalls durch Angriff.<br \/>\nHeimische Z\u00fcchter sollten nicht nur auf Standart und Sch\u00f6nheit wert legen, vielmehr sollten verantwortungsvolle Z\u00fcchter auf die Eignung als Haus- und Familienhund achten und die Welpeninteressenten aufkl\u00e4ren das typisches HSH-Verhalten im Alltag eine Herausforderung sein kann.<br \/>\nViele Eigenschaften des Kuvasz lassen sich beeinflussen, aber er bleibt ein Herdenschutzhund, mit den f\u00fcr ihn typischen Charaktereigenschaften.<\/p>\n<p>Das typisches Verhalten eines Kuvasz\/Herdenschutzhundes :<\/p>\n<ul type=\"circle\">\n<li>Das Mi\u00dftrauen gegen\u00fcber allem Fremden<\/li>\n<li>Eigenst\u00e4ndiges Handeln<\/li>\n<li>Umschalten von Ruhephasen in h\u00f6chste Alarmbereitschaft<\/li>\n<li>Verteidigungsbereitschaft<\/li>\n<li>Massives Bellverhalten bei Gefahr<\/li>\n<li>Gebietsm\u00e4\u00dfige (territoriale) Angriffsbereitschaft<\/li>\n<li>Extreme Wachsamkeit bei D\u00e4mmerung<\/li>\n<\/ul>\n<p>Diese typischen Eigenschaften k\u00f6nnen den Haltern Schwierigkeiten bereiten.<br \/>\nEine umsichtige Sozialisierung des Z\u00fcchters ist der erste Schritt um diesen Schwierigkeiten entgegen zu wirken.<br \/>\nPflicht eines jeden Z\u00fcchters sollte sein, eine Routine herzustellen, die alle Lebenssituationen einschlie\u00dft (Ger\u00e4uschkulisse, optische Eindr\u00fccke, Umwelteinfl\u00fcsse, Kontakt zu Artgenossen und regelm\u00e4\u00dfiger Umgang mit Menschen beider Geschlechter, jeden Alters und jeder Statur ), damit meine ich nicht, das man die Welpen rund um die Uhr bespa\u00dfen soll, aber bitte auch nicht in Watte packen.<br \/>\nDie neue Familie des Kuvaszwelpen sollte unbedingt damit fortfahren und es auch erweitern. Regelm\u00e4\u00dfiger Kontakt zu Kindern und Freunden der Familie, Gew\u00f6hnung an Postboten, Lebensmittellieferanten, Mofas, Autos und anderer Tiere. Allerdings alles in Ma\u00dfen, um den Welpen nicht zu \u00fcberfordern !! Man kann sich, mit seinen Welpen auf dem Arm, auch einfach mal irgendwo drau\u00dfen hinsetzen und die Umgebung gemeinsam beobachten, so kann der junge Hund jede Menge neue Eindr\u00fccke sammeln und Vertrauen zu seinem Menschen aufbauen. Irgendwann wird das Kuvaszkind einfach einschlafen, dann ist es Zeit nach hause zu gehen. \ud83d\ude42 &#8230;ohne es zu wecken.<br \/>\nDas ist notwendig um das Mi\u00dftrauen des Kuvasz klein zu halten und Angriffen vorzubeugen. Au\u00dferdem wird durch vielf\u00e4ltiges Kennenlernen verschiedener Lebensumst\u00e4nde, das Bellverhalten gemindert. Was f\u00fcr den Kuvasz zum normalen Alltag geh\u00f6rt, braucht nicht durch Bellen angezeigt oder angegriffen werden.<br \/>\nTrotzdem sollte die Selbstst\u00e4ndigkeit des Kuvasz nicht untersch\u00e4tzt werden, auch wenn man sie beeinflussen kann. Er wird immer verteidigungsbereit sein, auch wenn sein Halter nicht damit rechnet.<br \/>\nDie hohe Reizschwelle des Kuvasz sinkt mit der Dunkelheit. Der Hund wird noch verteidigungsbereiter als bei Tag und ein gebietsm\u00e4\u00dfiger (territorialer) Angriff kann schnell erfolgen.<br \/>\nHalter eines Kuvasz sollten immer vorausschauend denken und handeln.<\/p>\n<p>Agieren, statt reagieren ist Grundvoraussetzung beim Umgang mit dem Kuvasz !!<\/p>\n<p>Bei guter Sozialisierung verh\u00e4lt sich der Kuvasz meistens neutral und ist ein angenehmes Familienmitglied.<\/p>\n<p>Der Kuvasz ist eben ein Hund der besonderen Art und keinesfalls zu untersch\u00e4tzen, und dennoch, wer den Kuvasz kennen und lieben gelernt hat, wird dieser Rasse treu bleiben.<\/p>\n<p><b>Geschichte :<\/b><\/p>\n<p>Der Kuvasz ist zur Zeit der bekannteste ungarische Hirtenhund.<br \/>\nDer Kuvasz wurde in Ungarn (12. Jahrhundert) zum Schutz der Herden gegen wilde Tiere und Diebe eingesetzt.<br \/>\nDer Name Kuvasz ist aus dem t\u00fcrkischen und arabischen abgeleitet und bedeutet W\u00e4chter. Dazu ist dieser Hund durchaus in der Lage.<br \/>\nHier zu Lande beschr\u00e4nkt sich sein Einsatz auf das Bewachen von Haus und Hof seines Halters.<\/p>\n<p><b>Entwicklung des Kuvasz :<\/b><\/p>\n<p>Da der Kuvasz mit neun Monaten in der H\u00f6he schon meist ausgewachsen ist, l\u00e4\u00dft das auf eine schnelle k\u00f6rperliche Entwicklung schlie\u00dfen.<br \/>\nUm Skelettsch\u00e4den vorzubeugen ist es sinnvoll den jungen Hund oft und daf\u00fcr nur kurz zu bewegen, auch sollte auf eine abgestimmte Ern\u00e4hrung geachtet werden, denn Vorbeugen ist besser, als heilen.<br \/>\nIst der Hund ausgewachsen sollte man ihm ausreichend Bewegung bieten, da er \u00fcber ein ausgesprochenes Temperament verf\u00fcgt, das er auch ausleben m\u00f6chte.<br \/>\nDer Kuvasz ist ein Sp\u00e4tentwickler und erst mit drei bis vier Jahren wirklich ausgereift.<\/p>\n<p><b>Standart (in Kurzform) :<\/b><\/p>\n<p>Wei\u00dfer gro\u00dfw\u00fcchsiger Hund mit wohlproportionierten K\u00f6rperteilen, die eine harmonische Einheit bilden. Der Knochenbau ist massig und stark, die Gelenke sind hager und der Brustkorb tief. Der Rumpf hat eine rechteckige Form. Die Behaarung ist wei\u00df und wellig. Die Haut ist stark pigmentiert, der Nasenspiegel, die Liedr\u00e4nder und Lefzen sind schwarz. Die Augen sollten ein dunkelbraune F\u00e4rbung haben. Das Stockma\u00df der R\u00fcden soll zwischen 71 und 76 cm und das der H\u00fcndin zwischen 66 und 70 cm liegen. Das Gewicht eines R\u00fcden sollte zwischen 48 und 62 kg und das der H\u00fcndin zwischen 37-50 kg sein.<\/p>\n","protected":false},"excerpt":{"rendered":"<p>(Wesen\/Eignung, Geschichte, Entwicklung und Standart) Wesen und Eignung als Familienhund : Leider wird der Kuvasz h\u00e4ufig mit einen H\u00fctehund verwechselt. Der Kuvasz ist ein Herdenschutzhund. Der Begriff an sich erkl\u00e4rt schon die Aufgabe. Er wird zum Schutz der Herde eingesetzt, nicht um sie zu h\u00fcten und das Verhalten des Nutzviehs zu beeinflussen. Der Kuvasz soll [&hellip;]<\/p>\n","protected":false},"author":1,"featured_media":0,"parent":0,"menu_order":0,"comment_status":"closed","ping_status":"closed","template":"","meta":{"footnotes":""},"class_list":["post-25","page","type-page","status-publish","hentry"],"jetpack_likes_enabled":true,"jetpack_sharing_enabled":false,"_links":{"self":[{"href":"https:\/\/mein-kuvasz.de\/index.php?rest_route=\/wp\/v2\/pages\/25","targetHints":{"allow":["GET"]}}],"collection":[{"href":"https:\/\/mein-kuvasz.de\/index.php?rest_route=\/wp\/v2\/pages"}],"about":[{"href":"https:\/\/mein-kuvasz.de\/index.php?rest_route=\/wp\/v2\/types\/page"}],"author":[{"embeddable":true,"href":"https:\/\/mein-kuvasz.de\/index.php?rest_route=\/wp\/v2\/users\/1"}],"replies":[{"embeddable":true,"href":"https:\/\/mein-kuvasz.de\/index.php?rest_route=%2Fwp%2Fv2%2Fcomments&post=25"}],"version-history":[{"count":10,"href":"https:\/\/mein-kuvasz.de\/index.php?rest_route=\/wp\/v2\/pages\/25\/revisions"}],"predecessor-version":[{"id":2487,"href":"https:\/\/mein-kuvasz.de\/index.php?rest_route=\/wp\/v2\/pages\/25\/revisions\/2487"}],"wp:attachment":[{"href":"https:\/\/mein-kuvasz.de\/index.php?rest_route=%2Fwp%2Fv2%2Fmedia&parent=25"}],"curies":[{"name":"wp","href":"https:\/\/api.w.org\/{rel}","templated":true}]}}