{"id":708,"date":"2016-02-21T20:23:37","date_gmt":"2016-02-21T19:23:37","guid":{"rendered":"http:\/\/mein-kuvasz.de\/?page_id=708"},"modified":"2017-09-02T11:20:46","modified_gmt":"2017-09-02T09:20:46","slug":"anup-2","status":"publish","type":"page","link":"https:\/\/mein-kuvasz.de\/?page_id=708","title":{"rendered":"An\u00fap"},"content":{"rendered":"<p>Immer wenn wir von dir erz\u00e4hlen,<br \/>\nfallen Sonnenstrahlen in unsere Seelen,<br \/>\nTr\u00e4nen rollen \u00fcber unsere Wangen,<br \/>\nunsere Herzen halten dich gefangen,<br \/>\nso als w\u00e4rst du nie gegangen.<\/p>\n<p><img data-recalc-dims=\"1\" loading=\"lazy\" decoding=\"async\" class=\"wp-image-721 aligncenter\" src=\"https:\/\/i0.wp.com\/mein-kuvasz.de\/wp-content\/uploads\/2016\/02\/Anup.jpg?resize=390%2C257\" alt=\"Anup\" width=\"390\" height=\"257\" srcset=\"https:\/\/i0.wp.com\/mein-kuvasz.de\/wp-content\/uploads\/2016\/02\/Anup.jpg?w=3455&amp;ssl=1 3455w, https:\/\/i0.wp.com\/mein-kuvasz.de\/wp-content\/uploads\/2016\/02\/Anup.jpg?resize=300%2C198&amp;ssl=1 300w, https:\/\/i0.wp.com\/mein-kuvasz.de\/wp-content\/uploads\/2016\/02\/Anup.jpg?resize=768%2C506&amp;ssl=1 768w, https:\/\/i0.wp.com\/mein-kuvasz.de\/wp-content\/uploads\/2016\/02\/Anup.jpg?resize=1024%2C675&amp;ssl=1 1024w, https:\/\/i0.wp.com\/mein-kuvasz.de\/wp-content\/uploads\/2016\/02\/Anup.jpg?w=1280 1280w, https:\/\/i0.wp.com\/mein-kuvasz.de\/wp-content\/uploads\/2016\/02\/Anup.jpg?w=1920 1920w\" sizes=\"auto, (max-width: 390px) 100vw, 390px\" \/><\/p>\n<p>Mein lieber An\u00fap,<br \/>\nDein Start ins Leben war alles andere als einfach, trotzdem warst Du immer fr\u00f6hlich und f\u00fcr jeden Schei\u00df zu haben. Selten habe ich so viel Mut erleben d\u00fcrfen und ein so gro\u00dfes Herz f\u00fchlen k\u00f6nnen.<br \/>\nWir hatten so viele Schicksalsschl\u00e4ge und Erlebnisse miteinander, die uns gelehrt haben zu verzeihen, einander zu achten und uns gegenseitig zu vertrauen, da\u00df ich gar nicht wei\u00df wo ich anfangen soll.<br \/>\nDu warst temperamentvoll, einf\u00fchlsam, stolz, eigen und hattest ganz sicher den sechsten Sinn. Du hast Dir Deine Freunde genau ausgesucht und das galt f\u00fcr Mensch und Hund. Du warst klar und deutlich in Deinen Ansagen und niemals nachtragend.<br \/>\nIch hatte noch nie einen so schwierigen Hund, wie Dich, der mir im Gegenzug so viel beigebracht hat. Du warst einfach wunderbar und zeigtest mir jeden noch so kleinen Fehler indem Du entsprechend reagiert hast. Manchmal h\u00e4tte ich Dich daf\u00fcr zum Mond schie\u00dfen k\u00f6nnen, denn wer wird schon gern auf seine Unzul\u00e4nglichkeiten hingewiesen.<br \/>\nEins ist sicher, Du warst zur richtigen Zeit am richtigen Ort, genau der Hund den ich brauchte, um zu wachsen und mir allem bewu\u00dft zu werden, was ich niemals an die Oberfl\u00e4che lassen wollte.<br \/>\nGef\u00fchle zeigen und Vertrauen, mein leidiges Thema\u2026zu guter Letzt los lassen. All das hast du mir 10 Jahre lang beigebracht.<br \/>\nHeute w\u00fcrde ich vieles daf\u00fcr geben, Dich noch bei mir zu haben, als Ratgeber und den liebevollsten Freund dem man sich w\u00fcnschen kann. Kein Hund war mir je so nah, wie Du.<br \/>\nIch liebe Dich mein Gro\u00dfer und bin unendlich dankbar f\u00fcr jeden Moment, den wir gemeinsam hatten.<br \/>\nOhne Dich w\u00e4re ich heute nicht die, die ich bin.<br \/>\n\u2026\u2026\u2026.<br \/>\nDu fehlst immer noch sehr, \u00fcberall rieche und h\u00f6re ich Dich, hier und da sp\u00fcre ich Dich auch noch.<br \/>\nTrotzdem glaube ich, da\u00df Du fr\u00f6hlich irgendwo herum springst und den Himmel rockst, so wie Du es auch hier getan hast. F\u00fcr jeden Spa\u00df zu haben, aber immer bereit f\u00fcr seine Lieben zu k\u00e4mpfen.<br \/>\nDer Himmel ist um soooo vieles reicher durch Dich.<br \/>\nIch habe Dich lieb mein verr\u00fccktes Hundeding&#8230;..<br \/>\nIn Liebe,<br \/>\nDein Frauchen\u2026<\/p>\n","protected":false},"excerpt":{"rendered":"<p>Immer wenn wir von dir erz\u00e4hlen, fallen Sonnenstrahlen in unsere Seelen, Tr\u00e4nen rollen \u00fcber unsere Wangen, unsere Herzen halten dich gefangen, so als w\u00e4rst du nie gegangen. Mein lieber An\u00fap, Dein Start ins Leben war alles andere als einfach, trotzdem warst Du immer fr\u00f6hlich und f\u00fcr jeden Schei\u00df zu haben. Selten habe ich so viel [&hellip;]<\/p>\n","protected":false},"author":1,"featured_media":0,"parent":0,"menu_order":0,"comment_status":"closed","ping_status":"closed","template":"","meta":{"footnotes":""},"class_list":["post-708","page","type-page","status-publish","hentry"],"jetpack_likes_enabled":true,"jetpack_sharing_enabled":false,"_links":{"self":[{"href":"https:\/\/mein-kuvasz.de\/index.php?rest_route=\/wp\/v2\/pages\/708","targetHints":{"allow":["GET"]}}],"collection":[{"href":"https:\/\/mein-kuvasz.de\/index.php?rest_route=\/wp\/v2\/pages"}],"about":[{"href":"https:\/\/mein-kuvasz.de\/index.php?rest_route=\/wp\/v2\/types\/page"}],"author":[{"embeddable":true,"href":"https:\/\/mein-kuvasz.de\/index.php?rest_route=\/wp\/v2\/users\/1"}],"replies":[{"embeddable":true,"href":"https:\/\/mein-kuvasz.de\/index.php?rest_route=%2Fwp%2Fv2%2Fcomments&post=708"}],"version-history":[{"count":4,"href":"https:\/\/mein-kuvasz.de\/index.php?rest_route=\/wp\/v2\/pages\/708\/revisions"}],"predecessor-version":[{"id":724,"href":"https:\/\/mein-kuvasz.de\/index.php?rest_route=\/wp\/v2\/pages\/708\/revisions\/724"}],"wp:attachment":[{"href":"https:\/\/mein-kuvasz.de\/index.php?rest_route=%2Fwp%2Fv2%2Fmedia&parent=708"}],"curies":[{"name":"wp","href":"https:\/\/api.w.org\/{rel}","templated":true}]}}