{"id":74,"date":"2015-10-26T18:59:37","date_gmt":"2015-10-26T18:59:37","guid":{"rendered":"http:\/\/mein-kuvasz.de\/?page_id=74"},"modified":"2017-09-02T11:15:53","modified_gmt":"2017-09-02T09:15:53","slug":"ria","status":"publish","type":"page","link":"https:\/\/mein-kuvasz.de\/?page_id=74","title":{"rendered":"Riana-Schanima von Anka"},"content":{"rendered":"<p style=\"text-align: center;\"><img data-recalc-dims=\"1\" loading=\"lazy\" decoding=\"async\" class=\"alignnone wp-image-186 size-full\" src=\"https:\/\/i0.wp.com\/mein-kuvasz.de\/wp-content\/uploads\/2015\/10\/riana8.jpg?resize=500%2C317\" alt=\"riana8\" width=\"500\" height=\"317\" srcset=\"https:\/\/i0.wp.com\/mein-kuvasz.de\/wp-content\/uploads\/2015\/10\/riana8.jpg?w=500&amp;ssl=1 500w, https:\/\/i0.wp.com\/mein-kuvasz.de\/wp-content\/uploads\/2015\/10\/riana8.jpg?resize=300%2C190&amp;ssl=1 300w\" sizes=\"auto, (max-width: 500px) 100vw, 500px\" \/><\/p>\n<p style=\"text-align: center;\">Ria wurde am 05.03.2009 geboren.<br \/>\nRia ist HD-frei und OCD-frei<br \/>\ngPRA Testergebnis: Genotyp N\/N (A,frei)<br \/>\nlt. DOK-Untersuchung frei von allen erblichen Augenerkrankungen<br \/>\nangek\u00f6rt, ohne Auflagen bis zum Ende des Zuchtalters<br \/>\nUnsere Prinzessin Ria w\u00e4re gern Einzelkind, damit man ganz f\u00fcr sie da ist und ihre W\u00fcnsche erf\u00fcllt. Sie ist eine sehr behutsame, sensible H\u00fcndin, die immer drauf bedacht ist nicht zu kurz zu kommen. Sie ist toll und macht jeden Bl\u00f6dsinn mit. Sie mag alle Menschen, je doch nicht so gern Hunde. Da hat sie ein paar ausgesuchte Freunde und ganz viele &#8222;Feinde&#8220; Ihre gr\u00f6\u00dfte Leidenschaft ist fressen, daf\u00fcr tut sie wirklich alles.<\/p>\n<p style=\"text-align: center;\"><img data-recalc-dims=\"1\" loading=\"lazy\" decoding=\"async\" class=\"alignnone wp-image-187 size-full\" src=\"https:\/\/i0.wp.com\/mein-kuvasz.de\/wp-content\/uploads\/2015\/10\/riana9.jpg?resize=500%2C333\" alt=\"riana9\" width=\"500\" height=\"333\" srcset=\"https:\/\/i0.wp.com\/mein-kuvasz.de\/wp-content\/uploads\/2015\/10\/riana9.jpg?w=500&amp;ssl=1 500w, https:\/\/i0.wp.com\/mein-kuvasz.de\/wp-content\/uploads\/2015\/10\/riana9.jpg?resize=300%2C200&amp;ssl=1 300w\" sizes=\"auto, (max-width: 500px) 100vw, 500px\" \/><\/p>\n<p>&nbsp;<\/p>\n<p><strong><u>Ausstellungsberichte:<\/u><\/strong><\/p>\n<p><u>Internationale Ausstellung Hannover 2017<\/u><br \/>\nOffene Klasse am 10.06.2017<br \/>\nRichter H.- J. Dux<br \/>\nBericht: 8 Jahre, Scherengebi\u00df, korrektes Format, ausdrucksvoller rassetyp. Kopf, gerader fester R\u00fccken, korrekte Winkelungen, gute Haarqualit\u00e4t und Farbe, fl\u00fcssiges Gangwerk, freundliches Wesen<br \/>\nFormwert: V1, vorz\u00fcglich, erster Platz<\/p>\n<p><span style=\"text-decoration: underline;\">KfUH Spezial-Rassehunde-Ausstellung der LG NRW-S\u00fcd K\u00f6ln-Porz 2016<\/span><br \/>\nOffene Klasse am 25.09.2016<br \/>\nRichter Frau Wagner<br \/>\nBericht: 7 j\u00e4hrige H\u00fcndin, typvoller Kopf und Ausdruck, korrektes Geb\u00e4ude mit korrekten Winkelungen, korrekter Stand, vorz\u00fcglich in der Bewegung, vorz\u00fcgliches Wesen, Haartextur und Welle sollte besser sein.<br \/>\nFormwert: V4, vorz\u00fcglich, vierter Platz<\/p>\n<p><span style=\"text-decoration: underline;\">KVD Vereinssiegerausstellung D\u00fcsseldorf 2014<\/span><br \/>\nOffene Klasse am 12.10.2014<br \/>\nRichter Guido Sch\u00e4fer<br \/>\nBericht: 5 1\/2 j\u00e4hrige H\u00fcndin von ansprechender Gesamterscheinung, kompaktes Geb\u00e4ude, kr\u00e4ftige Knochen, keilf\u00f6rmiger Kopf, dunkle Augen, kr\u00e4ftiges Pigment, leicht gew. Sch\u00e4del, wenig Stirnfurche, mittelhoch angesetzte Ohren, kurzer Hals, gerader R\u00fccken, korrekte Kruppe, tief angesetzte Rute, etwas hoch getragen, korrekte Winkelungen, harmonisches Gangwerk, geschlossene runde Pfoten, etwas schlichtes Haar, ausreichend rauh, freundliches Verhalten, sehr sch\u00f6n pr\u00e4sentiert<br \/>\nFormwert: V2, vorz\u00fcglich, zweiter Platz, Res. Anw. Dt. Ch. VDH<\/p>\n<p><span style=\"text-decoration: underline;\">KfUH Spezial-Rassehunde-Ausstellung der LG NRW-S\u00fcd K\u00f6ln-Porz 2014<\/span><br \/>\nOffene Klasse am 14.09.2014<br \/>\nRichter Angelika Sassenberg<br \/>\nBericht: 5 einhalb j\u00e4hrige Rassevertreterin mit korrekten Proportionen, femininer ausdrucksstarker Kopf, mandelf\u00f6rmige dunkelbraune Augen, gew\u00fcnscht flie\u00dfender Stopp, schwarzes Pigment und straffe Lefzen, vorz\u00fcgliche breite und tiefe Brust, gerade R\u00fcckenlinie, vorz\u00fcgliche Stellung und Winkelung der Vorder- und Hinterhand, sehr harmonisches Gangwerk, liebes und aufmerksames Verhalten.<br \/>\nFormwert: V1, vorz\u00fcglich, erster Platz, Anw. Dt. Ch. VDH, CAC.<\/p>\n<p><span style=\"text-decoration: underline;\">VDH Europasieger-Ausstellung Dortmund 2014<\/span><br \/>\nOffene Klasse am 11.05.2014<br \/>\nRichter Angelika Sassenberg<br \/>\nBericht: 5-j\u00e4hrige H\u00fcndin, mit korrekten Proportionen, femininer Kopf, schwarzes Pigment, straffe Leftzen, vorz\u00fcglicher Brustpartie, korrekte obere- und untere Linie, korrektes Haarkleid, sehr harmonisches Gangwerk, sehr aufmerksames Verhalten<br \/>\nFormwert: V1, vorz\u00fcglich, erster Platz, Res. CACIB, Anw. Dt. Ch. VDH, CAC.<\/p>\n<p><span style=\"text-decoration: underline;\">Internationale Rassehunde Ausstellung Hannover IZH<\/span><br \/>\nOffene Klasse am 26.10.2013<br \/>\nRichter Dr. Auernhammer<br \/>\nBericht: 4 1\/2 j\u00e4hrige in guten Ma\u00dfen stehende Rassevertreterin, mit femininen Kopf, dunkelbraunen Augen, schwarzer Pigmentierung, sehr harmonisch aufgebautes Geb\u00e4ude, vorz\u00fcglich entwickeltes Haarkleid, Bewegungsablauf \u00e4u\u00dferst harmonisch, liebes Wesen.<br \/>\nFormwert: V1, vorz\u00fcglich, erster Platz, BOB.<\/p>\n<p><span style=\"text-decoration: underline;\">Vereinssieger Ausstellung KVD<\/span><br \/>\nOffene Klasse am 07.10.2012<br \/>\nRichter Edith Sch\u00f6n<br \/>\nBericht: Elegante H\u00fcndin 3 1\/2 Jahre alt, femininer Kopf, braunes ovales Auge, Nasenspiegel und Lefzen schwarz, gerader R\u00fccken, ausreichende Winkelungen, weiches wei\u00dfes Haarkleid, sollte etwas mehr Struktur besitzen, fl\u00fcssige Bewegung, interessiertes freundliches Verhalten.<br \/>\nFormwert: V2, vorz\u00fcglich, zweiter Platz.<\/p>\n<p><span style=\"text-decoration: underline;\">Internationale Rassehunde-Zuchtschau Hannover<\/span><br \/>\nOffene Klasse am 22.10.2011<br \/>\nRichter A. Schmidt<br \/>\nBericht: Die H\u00fcndin wird heute das 2. Mal auf einer Ausstellung gezeigt und ist deshalb beeindruckt. Altersgerechte Gesamtentwicklung mit sehr ansprechendem h\u00fcndinnenhaften Kopf mit dunklem Pigment + dunkelbraunen Augen. Vorz\u00fcglich ausgepr\u00e4gte Brust, gerade R\u00fcckenlinie. Sie beeindruckt mit ihrem sehr freien, fl\u00fcssigen Bewegungsablauf.<br \/>\nFormwert: V2, vorz\u00fcglich, zweiter Platz.<\/p>\n<p><span style=\"text-decoration: underline;\">Internationale Rassehunde-Zuchtschau Hannover<\/span><br \/>\nOffene Klasse am 31.10.2010<br \/>\nRichter Norbert Roling<br \/>\nBericht: 19 monatige harmonische H\u00fcndin, femininer Kopf, dunkle Augen und Pigment, guter Lid- und Lefzenschnitt, gute Oberlinie, korrekte Stellung der Extremit\u00e4ten, ansprechendes Haarkleid, liebes Wesen. Fl\u00fcssiger Bewegungsablauf.<br \/>\nFormwert: V2, vorz\u00fcglich, zweiter Platz.<\/p>\n","protected":false},"excerpt":{"rendered":"<p>Ria wurde am 05.03.2009 geboren. Ria ist HD-frei und OCD-frei gPRA Testergebnis: Genotyp N\/N (A,frei) lt. DOK-Untersuchung frei von allen erblichen Augenerkrankungen angek\u00f6rt, ohne Auflagen bis zum Ende des Zuchtalters Unsere Prinzessin Ria w\u00e4re gern Einzelkind, damit man ganz f\u00fcr sie da ist und ihre W\u00fcnsche erf\u00fcllt. Sie ist eine sehr behutsame, sensible H\u00fcndin, die [&hellip;]<\/p>\n","protected":false},"author":1,"featured_media":0,"parent":0,"menu_order":0,"comment_status":"closed","ping_status":"closed","template":"","meta":{"jetpack_post_was_ever_published":false,"footnotes":""},"class_list":["post-74","page","type-page","status-publish","hentry"],"jetpack_likes_enabled":true,"jetpack_sharing_enabled":false,"_links":{"self":[{"href":"https:\/\/mein-kuvasz.de\/index.php?rest_route=\/wp\/v2\/pages\/74","targetHints":{"allow":["GET"]}}],"collection":[{"href":"https:\/\/mein-kuvasz.de\/index.php?rest_route=\/wp\/v2\/pages"}],"about":[{"href":"https:\/\/mein-kuvasz.de\/index.php?rest_route=\/wp\/v2\/types\/page"}],"author":[{"embeddable":true,"href":"https:\/\/mein-kuvasz.de\/index.php?rest_route=\/wp\/v2\/users\/1"}],"replies":[{"embeddable":true,"href":"https:\/\/mein-kuvasz.de\/index.php?rest_route=%2Fwp%2Fv2%2Fcomments&post=74"}],"version-history":[{"count":9,"href":"https:\/\/mein-kuvasz.de\/index.php?rest_route=\/wp\/v2\/pages\/74\/revisions"}],"predecessor-version":[{"id":1351,"href":"https:\/\/mein-kuvasz.de\/index.php?rest_route=\/wp\/v2\/pages\/74\/revisions\/1351"}],"wp:attachment":[{"href":"https:\/\/mein-kuvasz.de\/index.php?rest_route=%2Fwp%2Fv2%2Fmedia&parent=74"}],"curies":[{"name":"wp","href":"https:\/\/api.w.org\/{rel}","templated":true}]}}